{"id":2265,"date":"2022-09-01T14:10:33","date_gmt":"2022-09-01T14:10:33","guid":{"rendered":"https:\/\/fourallportal.wpengine.com\/?page_id=2265"},"modified":"2026-03-31T13:35:31","modified_gmt":"2026-03-31T13:35:31","slug":"demo-anfrage","status":"publish","type":"page","link":"https:\/\/4allportal.com\/de\/demo-anfrage","title":{"rendered":"LP: Demo All \u2013 Calendly (A)"},"content":{"rendered":"\n<style>\n#main-menu, .footer-navigation {display: none !important;}\n.nav-container {padding: 1.5rem 0;}\nfooter .logo-container {margin-top: 5rem !important;}\nfooter .blur-orange-gradient-60, .preheader, .nav-btns {display: none !important;}\n.nav-container.nav-transparent {top: auto;}\n<\/style>\n\n\n\n<section id=\"content-wrapper-block_0cbcad3485fdf5fbf64f0fb2e09f16be\" class=\"content-wrapper position-relative\"\n  style=\"background: linear-gradient(180deg, rgba(51,51,51,1) 0%, rgba(0,0,0,1) 100%); padding-inline: ; overflow-x: visible;\">\n  \n<style>\n@media screen and (min-width: 391px) {\n  #content-wrapper-block_0cbcad3485fdf5fbf64f0fb2e09f16be {\n    padding-top: 100px;\n    padding-bottom: 100px;\n  }\n}\n\n@media screen and (max-width: 390px) {\n  #content-wrapper-block_0cbcad3485fdf5fbf64f0fb2e09f16be {\n    padding-top: 100px;\n    padding-bottom: 100px;\n  }\n}\n<\/style>\n\n  \n  <div class=\"container px-0\">\n    \n        \n\n<div class=\"wp-block-group test-element\"><div class=\"wp-block-group__inner-container is-layout-constrained wp-block-group-is-layout-constrained\">\n<section id=\"content-wrapper-block_6c99e43b629ef1f95d596be930664864\" class=\"content-wrapper position-relative\"\n  style=\" padding-inline: ; overflow-x: visible;\">\n  \n<style>\n@media screen and (min-width: 391px) {\n  #content-wrapper-block_6c99e43b629ef1f95d596be930664864 {\n    padding-top: 30px;\n    padding-bottom: 30px;\n  }\n}\n\n@media screen and (max-width: 390px) {\n  #content-wrapper-block_6c99e43b629ef1f95d596be930664864 {\n    padding-top: 30px;\n    padding-bottom: 30px;\n  }\n}\n<\/style>\n\n  \n  <div class=\"containeru002du002dsmall px-0\">\n    \n        \n\n<p class=\"has-text-align-center preheadline\">Eure Anforderungen besprechen<\/p>\n\n\n\n<h1 class=\"wp-block-heading has-text-align-center has-white-color has-text-color\" style=\"text-transform:none\">Lass uns eure Demo planen<\/h1>\n\n\n\n<p class=\"has-text-align-center has-white-color has-text-color\">In einem kurzen Vorgespr\u00e4ch nehmen wir uns die Zeit, deine individuellen Bed\u00fcrfnisse kennenzulernen, um dir in der Live-Demo passgenaue und praxisnahe Use Cases vorzustellen. Au\u00dferdem erh\u00e4ltst du von uns eine erste Einsch\u00e4tzung der erwartbaren Kosten.<\/p>\n\n\n  <\/div>\n<\/section>\n\n\n<style>\n@media screen and (min-width: 391px) {\n  #calendly-picker-block_b3b4db533f1b656b5771941f5662e76f {\n    padding-top: 30px;\n    padding-bottom: 30px;\n  }\n}\n\n@media screen and (max-width: 390px) {\n  #calendly-picker-block_b3b4db533f1b656b5771941f5662e76f {\n    padding-top: 30px;\n    padding-bottom: 30px;\n  }\n}\n<\/style>\n\n\n<div id=\"2265\" class=\" iframe\">\n                                               <div class=\"calendly-inline-widget funnel-demo iframe\" data-url=\"https:\/\/calendly.com\/d\/cr9h-44x-kp7\/lass-uns-eure-demo-planen?text_color=333333&#038;primary_color=ff8200&#038;hide_gdpr_banner=1\" style=\"min-width:320px;height:700px;\"><\/div>\n                                    <\/div>\n<script type=\"text\/javascript\" src=\"https:\/\/assets.calendly.com\/assets\/external\/widget.js\" async><\/script><\/div><\/div>\n\n\n\n<style>\n@media screen and (min-width: 391px) {\n  #customer-logo-bar-block_5d89b0bde670c85f545604d6865bced2 {\n    padding-top: 30px;\n    padding-bottom: 30px;\n  }\n}\n\n@media screen and (max-width: 390px) {\n  #customer-logo-bar-block_5d89b0bde670c85f545604d6865bced2 {\n    padding-top: 30px;\n    padding-bottom: 30px;\n  }\n}\n<\/style>\n\n<section id=\"customer-logo-bar-block_5d89b0bde670c85f545604d6865bced2\" class=\"customer-logo-bar | p-0 m-0\">\n    <div class=\"container container--medium px-1 px-md-0 m-md-auto d-md-grid py-2\">\n    \n            \n\n                    <ul class=\"customer-logo-bar-container row list-unstyled   transparent-logos \">\n                            <li class=\"col img-counter-1\">\n                                            <img decoding=\"async\"   src=\"https:\/\/4allportal.com\/wp-content\/uploads\/warner-bros-logo-white.svg\" alt=\"Warner Bros Discovery\" \/>\n                                    <\/li>\n                            <li class=\"col img-counter-2\">\n                                            <img decoding=\"async\"   src=\"https:\/\/4allportal.com\/wp-content\/uploads\/teekanne-logo-white.svg\" alt=\"\" \/>\n                                    <\/li>\n                            <li class=\"col img-counter-3\">\n                                            <img decoding=\"async\"   src=\"https:\/\/4allportal.com\/wp-content\/uploads\/bofrost-logo-white.svg\" alt=\"\" \/>\n                                    <\/li>\n                            <li class=\"col img-counter-4\">\n                                            <img decoding=\"async\"   src=\"https:\/\/4allportal.com\/wp-content\/uploads\/leonardo-glaskoch-logo.svg\" alt=\"Leonardo Glaskoch\" \/>\n                                    <\/li>\n                            <li class=\"col img-counter-5\">\n                                            <img decoding=\"async\"   src=\"https:\/\/4allportal.com\/wp-content\/uploads\/prosieben-logo-white.svg\" alt=\"\" \/>\n                                    <\/li>\n                            <li class=\"col img-counter-6\">\n                                            <img decoding=\"async\"   src=\"https:\/\/4allportal.com\/wp-content\/uploads\/schindler-logo-white-1.svg\" alt=\"Schindler Logo\" \/>\n                                    <\/li>\n                        <\/ul>\n            <\/div>\n<\/section>\n\n\n<div style=\"height:100px\" aria-hidden=\"true\" class=\"wp-block-spacer\"><\/div>\n\n\n\n<style>\n@media screen and (min-width: 391px) {\n  #testimonial-slider-block_62c3657d6f6a1209d297ac3b65278add {\n    padding-top: 30px;\n    padding-bottom: 30px;\n  }\n}\n\n@media screen and (max-width: 390px) {\n  #testimonial-slider-block_62c3657d6f6a1209d297ac3b65278add {\n    padding-top: 30px;\n    padding-bottom: 30px;\n  }\n}\n<\/style>\n<section id=\"32816\" class=\"container testimonial-slider | position-relative section-pt section-pb dark\">\n<div class=\"blur blur-orange-gradient-60\"><\/div>  \n<div class=\"testimonial-slider-container position-relative\">\n      <div class=\"row align-items-center\" style=\"width: 100%;\">\n          <div class=\"col-12 col-lg-3\" style=\"flex: 0 0 auto;\">\n             \n\n<p class=\"preheadline\"><mark style=\"background-color:rgba(0, 0, 0, 0)\" class=\"has-inline-color has-orange-color\">KUNDENSTIMMEN<\/mark><\/p>\n\n\n\n<h2 class=\"wp-block-heading has-white-color has-text-color\">Das begeistert <br>Top Brands an 4ALLPORTAL<\/h2>\n\n\n\n<div class=\"wp-block-buttons is-layout-flex wp-block-buttons-is-layout-flex\">\n<div class=\"wp-block-button\"><a class=\"wp-block-button__link wp-element-button\" href=\"https:\/\/4allportal.com\/de\/reviews\/\">Alle Reviews<\/a><\/div>\n<\/div>\n\n\n              <div class=\"swiper--navigation\">\n                <div class=\"swiper-button-prev\"><\/div>\n                <div class=\"swiper-button-next\"><\/div>\n              <\/div>\n          <\/div>\n          <div class=\"col-12 col-lg-9\">\n          <div class=\"swiper-container overflow-hidden\">\n          <div class=\"swiper testimonial-slider-design-two swiper-initialized\">\n                <div class=\"swiper-wrapper\">\n                    \n                                              \n                                                      \n                            <div class=\"swiper-slide rounded glass p-0\">\n                              <div class=\"testimonial-content d-grid p-4\">\n                                  <div class=\"logo\">\n                                                                          <img decoding=\"async\" src=\"https:\/\/4allportal.com\/wp-content\/uploads\/schindler-logo-white.svg\" alt=\"\">\n                                                                      <\/div>\n                                  <article>\n                                    <p>Wir suchten ein schnelles DAM mit Indesign-Anbindung und ohne User-Lizenzen \u2013 und fanden es mit 4ALLPORTAL. Auch der pers\u00f6nliche Kontakt und Support sind \u00fcberzeugend.<\/p>\n                                  <\/article>\n                                  <div class=\"d-flex author\">\n                                                                        <p><b>Sven Feurer<\/b><br>Brand Manager<\/p>\n                                  <\/div>\n                              <\/div>\n                            <\/div>\n\n\n                                                      \n                            <div class=\"swiper-slide rounded glass p-0\">\n                              <div class=\"testimonial-content d-grid p-4\">\n                                  <div class=\"logo\">\n                                                                          <img decoding=\"async\" src=\"https:\/\/4allportal.com\/wp-content\/uploads\/CEWE_logo_white.svg\" alt=\"\">\n                                                                      <\/div>\n                                  <article>\n                                    <p>Mit 4ALLPORTAL haben wir uns f\u00fcr die Zukunft bestens aufgestellt: Das Rechtemanagement f\u00fcr Stockfotos, Eigenkreationen und Partnerfotos ist jetzt optimal gel\u00f6st.<\/p>\n                                  <\/article>\n                                  <div class=\"d-flex author\">\n                                                                          \n                                                                                    <img decoding=\"async\" class=\"mr-2\" src=\"https:\/\/4allportal.com\/wp-content\/uploads\/dominic-brenzinski-cewe-mediaassets.1-150x150.jpg\" alt=\"\">\n                                                                                                                <p><b>Dominic Brezinski<\/b><br>Leiter CEWE MediaAssets <\/p>\n                                  <\/div>\n                              <\/div>\n                            <\/div>\n\n\n                                                      \n                            <div class=\"swiper-slide rounded glass p-0\">\n                              <div class=\"testimonial-content d-grid p-4\">\n                                  <div class=\"logo\">\n                                                                          <img decoding=\"async\" src=\"https:\/\/4allportal.com\/wp-content\/uploads\/warner-bros-logo-white.svg\" alt=\"\">\n                                                                      <\/div>\n                                  <article>\n                                    <p>Die Integration von 4ALLPORTAL in unsere Programmplanung spart 30 % Zeit im Bilddatenmanagement und bedeutet einen Quantensprung f\u00fcr unsere Workflows.<\/p>\n                                  <\/article>\n                                  <div class=\"d-flex author\">\n                                                                        <p><b>Matthias Wiediger<\/b><br>Projektmanager<\/p>\n                                  <\/div>\n                              <\/div>\n                            <\/div>\n\n\n                                                      \n                            <div class=\"swiper-slide rounded glass p-0\">\n                              <div class=\"testimonial-content d-grid p-4\">\n                                  <div class=\"logo\">\n                                                                          <img decoding=\"async\" src=\"https:\/\/4allportal.com\/wp-content\/uploads\/hunkeler-logo-white.png\" alt=\"\">\n                                                                      <\/div>\n                                  <article>\n                                    <p>Die Zusammenarbeit mit 4ALLPORTAL ist reibungslos, das System schnell in Nutzung. Dank intuitiver Bedienung sparen wir 50 % Zeit bei der Asset-Suche. Ein schneller ROI!<\/p>\n                                  <\/article>\n                                  <div class=\"d-flex author\">\n                                                                        <p><b>Matthias Annaheim<\/b><br>Digital Marketing Manager<\/p>\n                                  <\/div>\n                              <\/div>\n                            <\/div>\n\n\n                                                      \n                            <div class=\"swiper-slide rounded glass p-0\">\n                              <div class=\"testimonial-content d-grid p-4\">\n                                  <div class=\"logo\">\n                                                                          <img decoding=\"async\" src=\"https:\/\/4allportal.com\/wp-content\/uploads\/reddot-logo-white.png\" alt=\"\">\n                                                                      <\/div>\n                                  <article>\n                                    <p>Kurz gesagt hat uns die Modularit\u00e4t und Skalierbarkeit \u00fcberzeugt, mit der man im System arbeiten kann.<\/p>\n                                  <\/article>\n                                  <div class=\"d-flex author\">\n                                                                          \n                                                                                    <img decoding=\"async\" class=\"mr-2\" src=\"https:\/\/4allportal.com\/wp-content\/uploads\/siegfried_schneider-1-150x100.jpg\" alt=\"Siegfried Schneider | Red Dot Design\">\n                                                                                                                <p><b>Siegfried Schneider<\/b><br>CMO<\/p>\n                                  <\/div>\n                              <\/div>\n                            <\/div>\n\n\n                                                      \n                            <div class=\"swiper-slide rounded glass p-0\">\n                              <div class=\"testimonial-content d-grid p-4\">\n                                  <div class=\"logo\">\n                                                                          <img decoding=\"async\" src=\"https:\/\/4allportal.com\/wp-content\/uploads\/teekanne-logo-white.svg\" alt=\"\">\n                                                                      <\/div>\n                                  <article>\n                                    <p>Wir konnten die Metadaten f\u00fcr das Teekanne-DAM individuell anpassen. So kann jeder Nutzer gem\u00e4\u00df seiner Rolle und Zugriffsrechte gezielt nach Daten suchen \u2013 eine gruppenweite Neuheit.\r\n\r\n\r\n\r\n\r\n\r\n\r\n\r\n<\/p>\n                                  <\/article>\n                                  <div class=\"d-flex author\">\n                                                                        <p><b>Nadine Hackstein<\/b><br>Head of International Marketing and Sales Service <\/p>\n                                  <\/div>\n                              <\/div>\n                            <\/div>\n\n\n                                                      \n                            <div class=\"swiper-slide rounded glass p-0\">\n                              <div class=\"testimonial-content d-grid p-4\">\n                                  <div class=\"logo\">\n                                                                          <img decoding=\"async\" src=\"https:\/\/4allportal.com\/wp-content\/uploads\/bofrost-logo-white.svg\" alt=\"\">\n                                                                      <\/div>\n                                  <article>\n                                    <p>Wir haben 21 PIM-Module realisiert und Kernprozesse optimiert. \u00dcber 130.000 Assets, 400 Markenbilder und 4.500 Rezepte stehen produktbezogen  jederzeit zur Verf\u00fcgung.<\/p>\n                                  <\/article>\n                                  <div class=\"d-flex author\">\n                                                                          \n                                                                                    <img decoding=\"async\" class=\"mr-2\" src=\"https:\/\/4allportal.com\/wp-content\/uploads\/Thomas_2-scaled-e1714997663759-150x144.jpg\" alt=\"bofrost* Projektmanager Thomas Borkowski\">\n                                                                                                                <p><b>Thomas Borkowski<\/b><br>Projektmanager<\/p>\n                                  <\/div>\n                              <\/div>\n                            <\/div>\n\n\n                                                      \n                            <div class=\"swiper-slide rounded glass p-0\">\n                              <div class=\"testimonial-content d-grid p-4\">\n                                  <div class=\"logo\">\n                                                                          <img decoding=\"async\" src=\"https:\/\/4allportal.com\/wp-content\/uploads\/hermann-ultraschall-logo-white.svg\" alt=\"\">\n                                                                      <\/div>\n                                  <article>\n                                    <p>Die Single Source of Truth vereinfacht die Kollaboration, spart Zeit, sichert aktuelle Daten, verbessert Transparenz, Effizienz und unterst\u00fctzt mit granularer Suche und Freigabeworkflows.<\/p>\n                                  <\/article>\n                                  <div class=\"d-flex author\">\n                                                                        <p><b>Christoph Schlittenhardt<\/b><br>Content Marketer<\/p>\n                                  <\/div>\n                              <\/div>\n                            <\/div>\n\n\n                                                      \n                            <div class=\"swiper-slide rounded glass p-0\">\n                              <div class=\"testimonial-content d-grid p-4\">\n                                  <div class=\"logo\">\n                                                                          <img decoding=\"async\" src=\"https:\/\/4allportal.com\/wp-content\/uploads\/rheinhessen-touristik-white.svg\" alt=\"\">\n                                                                      <\/div>\n                                  <article>\n                                    <p>Mit der neuen Uploaderfunktion k\u00f6nnen wir jetzt Inhalte unserer Partnerst\u00fctzpunkte ganz unkompliziert in unser System integrieren \u2013 ein echter Gamechanger f\u00fcr unsere Zusammenarbeit.<\/p>\n                                  <\/article>\n                                  <div class=\"d-flex author\">\n                                                                          \n                                                                                    <img decoding=\"async\" class=\"mr-2\" src=\"https:\/\/4allportal.com\/wp-content\/uploads\/silas-150x115.jpg\" alt=\"\">\n                                                                                                                <p><b>Silas Landeck<\/b><br>Onlinemarketing-Manager<\/p>\n                                  <\/div>\n                              <\/div>\n                            <\/div>\n\n\n                                                \n                                                        \n                    <\/div>\n                    <!-- <div class=\"swiper-pagination\"><\/div> -->\n                <\/div>\n          <\/div>\n          <\/div>\n      <\/div>\n  <\/div>\n<\/section>\n\n<script src=\"https:\/\/cdn.jsdelivr.net\/npm\/swiper@11\/swiper-bundle.min.js\"><\/script>\n<script>\n  var swiper = new Swiper(\".testimonial-slider-design-two\", {\n    navigation: {\n        nextEl: \".testimonial-slider .swiper-button-next\",\n        prevEl: \".testimonial-slider .swiper-button-prev\",\n      },\n    breakpoints: {\n        640: {\n          slidesPerView: 1,\n          spaceBetween: 30,\n          gap: 30,\n        },\n        1024: {\n          slidesPerView: 2,\n          spaceBetween: 30,\n          gap: 30,\n        },\n    },\n  });\n<\/script>\n\n\n\n<style>\n@media screen and (min-width: 391px) {\n  #trust-badges-slider-block_681133a71699255cd2abf0295de93089 {\n    padding-top: 30px;\n    padding-bottom: 30px;\n  }\n}\n\n@media screen and (max-width: 390px) {\n  #trust-badges-slider-block_681133a71699255cd2abf0295de93089 {\n    padding-top: 30px;\n    padding-bottom: 30px;\n  }\n}\n<\/style>\n<style>\n  .trust-badges-slider img {\n    max-height: 130px;\n    width: 100%;\n    object-fit: contain;\n  }\n  .trust-badges-slider li {\n    flex-basis: 25%;\n  }\n  .trust-badges-slider .badges {\n    flex: 1;\n  }\n  .trust-badges-slide h3 {\n    color: green;\n  }\n  .trust-badges-slider .wp-block-buttons {\n    padding-bottom: 0;\n  }\n\n  @media screen and (max-width: 768px) {\n    .trust-badges-container {\n      background: var(--darkgrey);\n      padding: 3rem;\n      border-radius: 8px;\n    }\n    .trust-badges-container .mt {\n      margin-top: 2rem;\n    }\n    .trust-badges-container .wp-block-buttons {\n      padding-top: 2rem;\n      padding-bottom: 0 !important;\n    }\n    .trust-badges-container .wp-block-buttons {\n      align-items: center;\n      display: block;\n    }\n  }\n\n  @media screen and (max-width: 991px) {\n  .trust-badges-container .row {\n    flex-direction: column-reverse;\n  }\n  .trust-badges-container .text-container {\n    text-align: center;\n    margin-bottom: 2rem;\n  }\n  .trust-badges-container .text-container .wp-block-buttons {\n    display: block;\n  }\n}\n\n<\/style>\n\n<section id=\"trust-badges-slider-block_681133a71699255cd2abf0295de93089\" class=\"trust-badges-slider | section-pt section-pb\">\n    <div class=\"container container--medium p-0\">\n        <div class=\"trust-badges-container\">\n        <div class=\"row\">\n\n                          <div class=\"col-12\">\n                                    <ul class=\"list-unstyled badges d-flex align-items-center justify-content-arround  gap-2\">\n                                            <li><img decoding=\"async\" alt=\"\" src=\"https:\/\/4allportal.com\/wp-content\/uploads\/omr-reviews-badge-pim-watchlist-2026-1.svg\" style=\"max-height:  140px;\"><\/li>\n                                                <li><img decoding=\"async\" alt=\"\" src=\"https:\/\/4allportal.com\/wp-content\/uploads\/omr-reviews-badge-digital-asset-management-2026-1.svg\" style=\"max-height:  140px;\"><\/li>\n                                                <li><img decoding=\"async\" alt=\"\" src=\"https:\/\/4allportal.com\/wp-content\/uploads\/omr-reviews-badge-top-100-tools-in-dach-2026.svg\" style=\"max-height:  140px;\"><\/li>\n                                                <li><img decoding=\"async\" alt=\"\" src=\"https:\/\/4allportal.com\/wp-content\/uploads\/trusted_award_best_mam-1.png\" style=\"max-height:  140px;\"><\/li>\n                                                <li><img decoding=\"async\" alt=\"\" src=\"https:\/\/4allportal.com\/wp-content\/uploads\/crozdesk-happiest-users-badge.1.webp\" style=\"max-height:  140px;\"><\/li>\n                                            <\/ul>\n                                <\/div>\n\n            \n        <\/div>\n        <\/div>\n    <\/div>\n<\/section>\n\n\n  <\/div>\n<\/section>\n\n\n<script>\n(function() {\n    \/\/ 1. GCLID beim Laden der Seite aus der URL fischen und speichern\n    var urlParams = new URLSearchParams(window.location.search);\n    var gclid = urlParams.get('gclid');\n    if (gclid) {\n        localStorage.setItem('gclid', gclid);\n        console.log(\"\u2705 GCLID im Speicher gesichert: \" + gclid);\n    }\n\n    \/\/ 2. E-Mail nach der Buchung von Calendly abfangen\n    window.addEventListener('message', function(e) {\n        if (e.data.event && e.data.event.indexOf('calendly') === 0) {\n            if (e.data.event === 'calendly.event_scheduled') {\n                var inviteeEmail = e.data.payload && e.data.payload.invitee ? e.data.payload.invitee.email : null;\n                if (inviteeEmail) {\n                    localStorage.setItem('user_email', inviteeEmail);\n                    console.log(\"\u2705 E-Mail von Calendly gesichert: \" + inviteeEmail);\n                }\n            }\n        }\n    });\n})();\n<\/script>\n","protected":false},"excerpt":{"rendered":"","protected":false},"author":3,"featured_media":0,"parent":0,"menu_order":0,"comment_status":"closed","ping_status":"closed","template":"","meta":{"_acf_changed":false,"footnotes":""},"tags":[],"product_categories":[],"customer_stage":[467],"class_list":["post-2265","page","type-page","status-publish","hentry"],"acf":[],"_links":{"self":[{"href":"https:\/\/4allportal.com\/de\/wp-json\/wp\/v2\/pages\/2265","targetHints":{"allow":["GET"]}}],"collection":[{"href":"https:\/\/4allportal.com\/de\/wp-json\/wp\/v2\/pages"}],"about":[{"href":"https:\/\/4allportal.com\/de\/wp-json\/wp\/v2\/types\/page"}],"author":[{"embeddable":true,"href":"https:\/\/4allportal.com\/de\/wp-json\/wp\/v2\/users\/3"}],"replies":[{"embeddable":true,"href":"https:\/\/4allportal.com\/de\/wp-json\/wp\/v2\/comments?post=2265"}],"version-history":[{"count":3,"href":"https:\/\/4allportal.com\/de\/wp-json\/wp\/v2\/pages\/2265\/revisions"}],"predecessor-version":[{"id":41295,"href":"https:\/\/4allportal.com\/de\/wp-json\/wp\/v2\/pages\/2265\/revisions\/41295"}],"wp:attachment":[{"href":"https:\/\/4allportal.com\/de\/wp-json\/wp\/v2\/media?parent=2265"}],"wp:term":[{"taxonomy":"post_tag","embeddable":true,"href":"https:\/\/4allportal.com\/de\/wp-json\/wp\/v2\/tags?post=2265"},{"taxonomy":"product_categories","embeddable":true,"href":"https:\/\/4allportal.com\/de\/wp-json\/wp\/v2\/product_categories?post=2265"},{"taxonomy":"customer_stage","embeddable":true,"href":"https:\/\/4allportal.com\/de\/wp-json\/wp\/v2\/customer_stage?post=2265"}],"curies":[{"name":"wp","href":"https:\/\/api.w.org\/{rel}","templated":true}]}}