{"id":29049,"date":"2025-02-18T08:39:29","date_gmt":"2025-02-18T08:39:29","guid":{"rendered":"https:\/\/devfourall.wpengine.com\/?page_id=29049"},"modified":"2026-03-19T08:18:33","modified_gmt":"2026-03-19T08:18:33","slug":"cms-integration","status":"publish","type":"page","link":"https:\/\/4allportal.com\/de\/cms-integrationen","title":{"rendered":"CMS-Integration"},"content":{"rendered":"\n<style>\n@media screen and (min-width: 391px) {\n  #text-image-screenshot-block_b9cdd2061a3ba3ee71a97479018b07db {\n    padding-top: 90px;\n    padding-bottom: 90px;\n  }\n}\n\n@media screen and (max-width: 390px) {\n  #text-image-screenshot-block_b9cdd2061a3ba3ee71a97479018b07db {\n    padding-top: 90px;\n    padding-bottom: 90px;\n  }\n}\n<\/style>\n  \n<section class=\"container mb-5\">\n    <div id=\"text-image-screenshot-block_b9cdd2061a3ba3ee71a97479018b07db\" class=\"container text-image-screenshot light-orange row align-items-center justify-content-center \">\n        <div class=\"p-between col-12 col-md-6\">\n            \n\n<p class=\"preheadline\">DAM f\u00fcr Content Management Systeme<\/p>\n\n\n\n<h1 class=\"wp-block-heading has-text-align-left hero__headline h1 mb-2\">Nie wieder Bilder manuell ins CMS laden<\/h1>\n\n\n\n<p class=\"has-text-align-left hero__text mt-2\">Verwalte deine Bilder zentral und halte dein CMS automatisch aktuell. Kein Suchen, kein manuelles Hochladen. Wenn deine Inhalte wachsen, steuerst du auch Produktdaten zentral und spielst alles gemeinsam aus.<\/p>\n\n\n\n<div class=\"wp-block-buttons is-layout-flex wp-block-buttons-is-layout-flex\">\n<div class=\"wp-block-button\"><a class=\"wp-block-button__link wp-element-button\" href=\"https:\/\/4allportal.com\/de\/demo-anfrage\">Demo buchen<\/a><\/div>\n<\/div>\n\n\n        <\/div>\n        <div class=\"text-image-screenshot__content rounded col-12 col-md-6 p-between p-0 mt-2 glass overflow-hidden\">\n                            <div class=\"has-screenshot\">\n                                                        <img decoding=\"async\" class=\"text-image-screenshot__image orientation-image-box-bottom-right\" style=\"object-position: center center;\" src=\"https:\/\/4allportal.com\/wp-content\/uploads\/cms-connectoren-digital-asset-management.jpg\" alt=\"CMS Connectoren f\u00fcr Digital Asset Management\" \/>\n                    \n                                            <img decoding=\"async\" class=\"text-image-screenshot__screenshot fadeIn orientation-top-left\" src=\"https:\/\/4allportal.com\/wp-content\/uploads\/cms-connector-for-dam.svg\" alt=\"CMS Connector for DAM\" \/>\n                                    \n                <\/div>\n                        \n<style>\n.sl-icon-wrap {\n    color: #FFF;\n    display: inline-flex;\n    align-items: center;\n    justify-content: center;\n    position: absolute;\n    z-index: 10;\n    bottom: 2rem;\n    left: 2rem;\n    opacity: 0;\n    transform: translateY(10px);\n    transition: opacity 0.3s ease, transform 0.3s ease;\n    pointer-events: none;\n}\n\n.text-image-screenshot__content:hover .sl-icon-wrap {\n    opacity: 1;\n    transform: translateY(0);\n    pointer-events: auto;\n}\n<\/style>\n            \n        <\/div>\n    <\/div>\n<\/section>\n\n\n<style>\n@media screen and (min-width: 391px) {\n  #customer-logo-bar-block_36744ae764ff2c6b17fdebdf87f498a8 {\n    padding-top: 30px;\n    padding-bottom: 30px;\n  }\n}\n\n@media screen and (max-width: 390px) {\n  #customer-logo-bar-block_36744ae764ff2c6b17fdebdf87f498a8 {\n    padding-top: 30px;\n    padding-bottom: 30px;\n  }\n}\n<\/style>\n\n<section id=\"customer-logo-bar-block_36744ae764ff2c6b17fdebdf87f498a8\" class=\"customer-logo-bar | p-0 m-0\">\n    <div class=\"container container--medium px-1 px-md-0 m-md-auto d-md-grid py-2\">\n    \n            \n\n                    <ul class=\"customer-logo-bar-container row list-unstyled  \">\n                            <li class=\"col img-counter-1\">\n                                            <img decoding=\"async\"   src=\"https:\/\/4allportal.com\/wp-content\/uploads\/Phoenix_Contact_Logo.png\" alt=\"\" \/>\n                                    <\/li>\n                            <li class=\"col img-counter-2\">\n                                            <img decoding=\"async\"   src=\"https:\/\/4allportal.com\/wp-content\/uploads\/BOMAG_201x_logo-1.svg\" alt=\"\" \/>\n                                    <\/li>\n                            <li class=\"col img-counter-3\">\n                                            <img decoding=\"async\"   src=\"https:\/\/4allportal.com\/wp-content\/uploads\/teekanne-logo-1.svg\" alt=\"\" \/>\n                                    <\/li>\n                            <li class=\"col img-counter-4\">\n                                            <img decoding=\"async\"   src=\"https:\/\/4allportal.com\/wp-content\/uploads\/Bofrost-1.svg\" alt=\"\" \/>\n                                    <\/li>\n                            <li class=\"col img-counter-5\">\n                                            <img decoding=\"async\"   src=\"https:\/\/4allportal.com\/wp-content\/uploads\/reddot-logo-2.svg\" alt=\"\" \/>\n                                    <\/li>\n                            <li class=\"col img-counter-6\">\n                                            <img decoding=\"async\"   src=\"https:\/\/4allportal.com\/wp-content\/uploads\/warner-bros-discovery-logo-1.svg\" alt=\"\" \/>\n                                    <\/li>\n                        <\/ul>\n            <\/div>\n<\/section>\n\n\n<section id=\"start\" class=\"content-wrapper position-relative\"\n  style=\"background: linear-gradient(180deg, rgba(51,51,51,1) 0%, rgba(0,0,0,1) 100%); padding-inline: ; overflow-x: visible;\">\n  \n<style>\n@media screen and (min-width: 391px) {\n  #start {\n    padding-top: 90px;\n    padding-bottom: 60px;\n  }\n}\n\n@media screen and (max-width: 390px) {\n  #start {\n    padding-top: 90px;\n    padding-bottom: 60px;\n  }\n}\n<\/style>\n\n  \n  <div class=\"container px-0\">\n    \n        \n\n<h5 class=\"wp-block-heading has-text-align-center preheadline\" style=\"font-style:normal;font-weight:400\">NUR EIN KLICK<\/h5>\n\n\n\n<h2 class=\"wp-block-heading has-text-align-center has-white-color has-text-color has-large-font-size\">Vorteile der CMS-Integration<\/h2>\n\n\n\n<style>\n@media screen and (min-width: 391px) {\n  #text-image-screenshot-block_7c385194a5f4d7eccabd9f531e3c2eaa {\n    padding-top: 30px;\n    padding-bottom: 30px;\n  }\n}\n\n@media screen and (max-width: 390px) {\n  #text-image-screenshot-block_7c385194a5f4d7eccabd9f531e3c2eaa {\n    padding-top: 30px;\n    padding-bottom: 30px;\n  }\n}\n<\/style>\n  \n<section class=\"container mb-5\">\n    <div id=\"text-image-screenshot-block_7c385194a5f4d7eccabd9f531e3c2eaa\" class=\"container text-image-screenshot dark row align-items-center justify-content-center \">\n        <div class=\"p-between col-12 col-md-6\">\n            \n\n<div id=\"list-block-block_471546a007156d4fee6d93c3ee7dfc46\" class=\"list-block | w-100 d-grid\" style=\"grid-template-columns: repeat(1, 1fr); column-gap: 4rem;\">\n  \n<style>\n@media screen and (min-width: 391px) {\n  #list-block-block_471546a007156d4fee6d93c3ee7dfc46 {\n    padding-top: 30px;\n    padding-bottom: 30px;\n  }\n}\n\n@media screen and (max-width: 390px) {\n  #list-block-block_471546a007156d4fee6d93c3ee7dfc46 {\n    padding-top: 30px;\n    padding-bottom: 30px;\n  }\n}\n<\/style>\n\n<style>\n  .list-block {\n    padding-top: 0 !important;\n    padding-bottom: 0 !important;\n  }\n  .list-block__list.has-background {\n    padding: 3.5rem !important;\n  }\n  p+.list-block {\n    margin-top: 1.5rem;\n  }\n  .list-block__list.is-selected {\n    display: block;\n  }\n  .list-block__list li {\n    list-style: none;\n    position: relative;\n    padding-top: 1rem;\n    padding-bottom: 1rem;\n    padding-left: 4rem;\n  }\n  ul.list-block__list li::before {\n    content: \"\";\n    width: 2rem;\n    height: 2rem;\n    position: absolute;\n    left: 0;\n    top: 1.25rem;\n    background-position: center;\n    background-repeat: no-repeat;\n    background-size: cover;\n  }\n\n  #list-block-block_471546a007156d4fee6d93c3ee7dfc46 .list-block__list li {\n    color: white;\n  }\n\n  #list-block-block_471546a007156d4fee6d93c3ee7dfc46 ul.list-block__list li::before {\n    background-image: url(\"https:\/\/4allportal.com\/wp-content\/themes\/website-theme\/assets\/img\/list-check-white.svg\") !important;\n  }\n\n  @media screen (max-width:992px) {\n      .content-wrapper .wp-container-3,.content-wrapper .wp-block-columns {\n          gap:0 !important\n      }\n      .content-wrapper #list-block-block_471546a007156d4fee6d93c3ee7dfc46, .content-wrapper .wp-block-columns #list-block-block_471546a007156d4fee6d93c3ee7dfc46{\n          padding-right:0;\n      }\n  }\n  <\/style>\n  \n\n<ul class=\"wp-block-list list-block__list\">\n<li><strong>Schneller Zugriff auf alle Medien<\/strong> \u2013 Direkt aus dem CMS auf Bilder, Videos und andere Assets zugreifen, ohne Downloads oder manuelle Uploads.<\/li>\n\n\n\n<li><strong>Konsistenz \u00fcber alle Kan\u00e4le<\/strong> \u2013 Keine doppelten Dateien oder veralteten Versionen. Dein Content ist immer aktuell und zentral verwaltet.<\/li>\n\n\n\n<li><strong>Automatische Format-Anpassung<\/strong> \u2013 Bilder und Videos werden je nach CMS-Anforderung automatisch in die richtigen Formate und Gr\u00f6\u00dfen umgewandelt.<\/li>\n\n\n\n<li><strong>Zeitersparnis &amp; weniger Fehler<\/strong> \u2013 Reduziere redundante Arbeitsschritte und vermeide manuelle Fehler beim Hochladen oder Aktualisieren von Inhalten.<\/li>\n\n\n\n<li><strong>Rechte- &amp; Lizenzmanagement<\/strong> \u2013 Stelle sicher, dass nur lizenzierte und freigegebene Medien im CMS genutzt werden.<\/li>\n<\/ul>\n\n\n<\/div>\n\n        <\/div>\n        <div class=\"text-image-screenshot__content rounded col-12 col-md-6 p-between p-0 mt-2 glass overflow-hidden\">\n                                                        <img decoding=\"async\" class=\"text-image-screenshot__image orientation-image-box-bottom-right\" style=\"object-position: top;\" src=\"https:\/\/4allportal.com\/wp-content\/uploads\/CMS-Integration.jpg\" alt=\"\" \/>\n                    \n                                            \n<style>\n.sl-icon-wrap {\n    color: #FFF;\n    display: inline-flex;\n    align-items: center;\n    justify-content: center;\n    position: absolute;\n    z-index: 10;\n    bottom: 2rem;\n    left: 2rem;\n    opacity: 0;\n    transform: translateY(10px);\n    transition: opacity 0.3s ease, transform 0.3s ease;\n    pointer-events: none;\n}\n\n.text-image-screenshot__content:hover .sl-icon-wrap {\n    opacity: 1;\n    transform: translateY(0);\n    pointer-events: auto;\n}\n<\/style>\n            \n        <\/div>\n    <\/div>\n<\/section>\n\n\n<div style=\"height:60px\" aria-hidden=\"true\" class=\"wp-block-spacer\"><\/div>\n\n\n\n<style>\n@media screen and (min-width: 391px) {\n  #content-squares-block_fec8311117a0b4ab358eefd2ddfe7691 {\n    padding-top: 30px;\n    padding-bottom: 30px;\n  }\n}\n\n@media screen and (max-width: 390px) {\n  #content-squares-block_fec8311117a0b4ab358eefd2ddfe7691 {\n    padding-top: 30px;\n    padding-bottom: 30px;\n  }\n}\n<\/style>\n\n<section id=\"content-squares-block_fec8311117a0b4ab358eefd2ddfe7691\" class=\"content-squares content_large layout_dark | py-4 text-center\">\n  <div class=\"container\">\n    <div class=\"row row-flex flex-md-wrap g-0\">\n    \n            <div class=\"content-square rounded col-12 col-lg-6 columns-4\">\n            <img decoding=\"async\" src=\"https:\/\/4allportal.com\/wp-content\/uploads\/cms-connector-for-dam.svg\" alt=\"\">\n            <div class=\"content-squares-inner\">\n                \n                <h3>Plug &amp; Play<\/h3>\n                <p>Daten aus dem DAM in dein CMS zu importieren, war noch nie einfacher. Per Plug and Play importierst du ganze Sammlungen direkt in dein Backend. <\/p>\n                \n                            <\/div>\n      <\/div>\n\n   \n            <div class=\"content-square rounded col-12 col-lg-6 columns-4\">\n            <img decoding=\"async\" src=\"https:\/\/4allportal.com\/wp-content\/uploads\/konvertiere-deine-dateien.svg\" alt=\"\">\n            <div class=\"content-squares-inner\">\n                \n                <h3>Schneller ver\u00f6ffentlichen<\/h3>\n                <p>Statt alle Bilddaten manuell in Format, Aufl\u00f6sung und Gr\u00f6\u00dfe in Photoshop aufzubereiten, erledigt unsere intelligente Schnittstelle die ganze Arbeit f\u00fcr dich.<\/p>\n                \n                            <\/div>\n      <\/div>\n\n   \n            <div class=\"content-square rounded col-12 col-lg-6 columns-4\">\n            <img decoding=\"async\" src=\"https:\/\/4allportal.com\/wp-content\/uploads\/produktivitaet-foerdern.png\" alt=\"\">\n            <div class=\"content-squares-inner\">\n                \n                <h3>Keine Lizenzverst\u00f6\u00dfe mehr<\/h3>\n                <p>Unsere Safety Features stellen sicher, dass nur lizensierte und freigegebene Assets den Weg in dein CMS finden. So verhinderst du kostspielige Verst\u00f6\u00dfe.<\/p>\n                \n                            <\/div>\n      <\/div>\n\n   \n            <div class=\"content-square rounded col-12 col-lg-6 columns-4\">\n            <img decoding=\"async\" src=\"https:\/\/4allportal.com\/wp-content\/uploads\/why-4allportal.png\" alt=\"\">\n            <div class=\"content-squares-inner\">\n                \n                <h3>SEO-Vorteile<\/h3>\n                <p>Pflege all deine SEO-Metadaten wie Bildtitel, Alt Tag oder Bildbeschreibung direkt im DAM per Massen\u00e4nderung und \u00fcbernehme die Daten direkt mit ins CMS.<\/p>\n                \n                            <\/div>\n      <\/div>\n\n   \n    \n\n      \n    <\/div>\n<\/section>\n\n  <\/div>\n<\/section>\n\n\n<section id=\"content-wrapper-block_4789e3001beb0cd7b65ee9578fd140f2\" class=\"content-wrapper position-relative\"\n  style=\"background: #000000; padding-inline: ; overflow-x: visible;\">\n  \n<style>\n@media screen and (min-width: 391px) {\n  #content-wrapper-block_4789e3001beb0cd7b65ee9578fd140f2 {\n    padding-top: 30px;\n    padding-bottom: 30px;\n  }\n}\n\n@media screen and (max-width: 390px) {\n  #content-wrapper-block_4789e3001beb0cd7b65ee9578fd140f2 {\n    padding-top: 30px;\n    padding-bottom: 30px;\n  }\n}\n<\/style>\n\n  \n  <div class=\"container px-0\">\n    \n        \n\n<div style=\"height:45px\" aria-hidden=\"true\" class=\"wp-block-spacer\"><\/div>\n\n\n\n<p class=\"has-text-align-center preheadline\">SUPPORT<\/p>\n\n\n\n<h2 class=\"wp-block-heading has-text-align-center tabs-images__headline has-white-color has-text-color has-large-font-size\">4ALLPORTAL x CMS<\/h2>\n\n\n\n<p class=\"has-text-align-center has-light-grey-color has-text-color\">4ALLPORTAL unterst\u00fctzt im Standard die g\u00e4ngigsten CMS-L\u00f6sungen am Markt und erweitert regelm\u00e4\u00dfig seine Produktpalette. <\/p>\n\n\n\n<div style=\"height:45px\" aria-hidden=\"true\" class=\"wp-block-spacer\"><\/div>\n\n\n\n<div class=\"wp-block-group integrations is-content-justification-center is-nowrap is-layout-flex wp-container-core-group-is-layout-94bc23d7 wp-block-group-is-layout-flex\">\n<figure class=\"wp-block-image size-full is-resized\"><a href=\"https:\/\/4allportal.com\/de\/integrationen\/wordpress\"><img decoding=\"async\" src=\"https:\/\/4allportal.com\/wp-content\/uploads\/Wordpress-Logo.svg\" alt=\"Wordpress\" class=\"wp-image-3713\" style=\"object-fit:cover;width:90px;height:90px\"\/><\/a><\/figure>\n\n\n\n<figure class=\"wp-block-image size-full is-resized\"><a href=\"https:\/\/4allportal.com\/de\/integrationen\/typo3\"><img decoding=\"async\" src=\"https:\/\/4allportal.com\/wp-content\/uploads\/typo3-logo-1.svg\" alt=\"Typo3\" class=\"wp-image-18709\" style=\"object-fit:cover;width:90px;height:90px\"\/><\/a><\/figure>\n\n\n\n<figure class=\"wp-block-image size-full is-resized\"><a href=\"https:\/\/4allportal.com\/de\/integrationen\/hubspot\"><img decoding=\"async\" src=\"https:\/\/4allportal.com\/wp-content\/uploads\/hubspot-1.svg\" alt=\"\" class=\"wp-image-29138\" style=\"object-fit:cover;width:90px;height:90px\"\/><\/a><\/figure>\n\n\n\n<figure class=\"wp-block-image size-full is-resized\"><a href=\"https:\/\/4allportal.com\/de\/integrationen\/drupal\"><img decoding=\"async\" src=\"https:\/\/4allportal.com\/wp-content\/uploads\/drupal-3.svg\" alt=\"\" class=\"wp-image-29095\" style=\"object-fit:contain;width:90px;height:90px\"\/><\/a><\/figure>\n<\/div>\n\n\n\n<div style=\"height:45px\" aria-hidden=\"true\" class=\"wp-block-spacer\"><\/div>\n\n\n  <\/div>\n<\/section>\n\n\n<section id=\"content-wrapper-block_4789e3001beb0cd7b65ee9578fd140f2\" class=\"content-wrapper position-relative\"\n  style=\"background: #000000; padding-inline: ; overflow-x: visible;\">\n  \n<style>\n@media screen and (min-width: 391px) {\n  #content-wrapper-block_4789e3001beb0cd7b65ee9578fd140f2 {\n    padding-top: 30px;\n    padding-bottom: 30px;\n  }\n}\n\n@media screen and (max-width: 390px) {\n  #content-wrapper-block_4789e3001beb0cd7b65ee9578fd140f2 {\n    padding-top: 30px;\n    padding-bottom: 30px;\n  }\n}\n<\/style>\n\n  \n  <div class=\"container px-0\">\n    \n        \n\n<style>\n@media screen and (min-width: 391px) {\n  #testimonial-slider-block_5ab66063d23a0f9f07a160d80064192c {\n    padding-top: 30px;\n    padding-bottom: 30px;\n  }\n}\n\n@media screen and (max-width: 390px) {\n  #testimonial-slider-block_5ab66063d23a0f9f07a160d80064192c {\n    padding-top: 30px;\n    padding-bottom: 30px;\n  }\n}\n<\/style>\n<section id=\"29049\" class=\"container testimonial-slider | position-relative section-pt section-pb unset\">\n<div class=\"blur blur-orange-gradient-60\"><\/div>  \n<div class=\"testimonial-slider-container position-relative\">\n      <div class=\"row align-items-center\" style=\"width: 100%;\">\n          <div class=\"col-12 col-lg-3\" style=\"flex: 0 0 auto;\">\n             \n\n<h2 class=\"wp-block-heading has-white-color has-text-color\">Das sagen unsere Kunden zur CMS-Integration<\/h2>\n\n\n              <div class=\"swiper--navigation\">\n                <div class=\"swiper-button-prev\"><\/div>\n                <div class=\"swiper-button-next\"><\/div>\n              <\/div>\n          <\/div>\n          <div class=\"col-12 col-lg-9\">\n          <div class=\"swiper-container overflow-hidden\">\n          <div class=\"swiper testimonial-slider-design-two swiper-initialized\">\n                <div class=\"swiper-wrapper\">\n                    \n                                              \n                                                      \n                            <div class=\"swiper-slide rounded glass p-0\">\n                              <div class=\"testimonial-content d-grid p-4\">\n                                  <div class=\"logo\">\n                                                                          <img decoding=\"async\" src=\"https:\/\/4allportal.com\/wp-content\/uploads\/hermann-ultraschall-logo-white.svg\" alt=\"\">\n                                                                      <\/div>\n                                  <article>\n                                    <p>Die Single Source of Truth vereinfacht die Kollaboration, spart Zeit, sichert aktuelle Daten, verbessert Transparenz, Effizienz und unterst\u00fctzt mit granularer Suche und Freigabeworkflows.<\/p>\n                                  <\/article>\n                                  <div class=\"d-flex author\">\n                                                                        <p><b>Christoph Schlittenhardt<\/b><br>Content Marketer<\/p>\n                                  <\/div>\n                              <\/div>\n                            <\/div>\n\n\n                                                      \n                            <div class=\"swiper-slide rounded glass p-0\">\n                              <div class=\"testimonial-content d-grid p-4\">\n                                  <div class=\"logo\">\n                                                                          <img decoding=\"async\" src=\"https:\/\/4allportal.com\/wp-content\/uploads\/leonardo-glaskoch-logo.svg\" alt=\"\">\n                                                                      <\/div>\n                                  <article>\n                                    <p>Die Suche nach Dateien war schwierig, viele hochwertige Bilder blieben ungenutzt. Deshalb haben wir uns f\u00fcr 4ALLPORTAL als geeignete DAM-Software entschieden.<\/p>\n                                  <\/article>\n                                  <div class=\"d-flex author\">\n                                                                        <p><b>Oliver Kleine<\/b><br>Gesch\u00e4ftsf\u00fchrung<\/p>\n                                  <\/div>\n                              <\/div>\n                            <\/div>\n\n\n                                                      \n                            <div class=\"swiper-slide rounded glass p-0\">\n                              <div class=\"testimonial-content d-grid p-4\">\n                                  <div class=\"logo\">\n                                                                          <img decoding=\"async\" src=\"https:\/\/4allportal.com\/wp-content\/uploads\/teekanne-logo-white.svg\" alt=\"\">\n                                                                      <\/div>\n                                  <article>\n                                    <p>Mit dem DAM-Tool von 4ALLPORTAL arbeiten wir effizienter, da alle Daten zentral abgelegt sind und jeder gem\u00e4\u00df seiner Rolle Zugriff hat \u2013 modern und zeitgem\u00e4\u00df.<\/p>\n                                  <\/article>\n                                  <div class=\"d-flex author\">\n                                                                        <p><b>Nadine Hackstein<\/b><br>Head of International Marketing and Sales Service <\/p>\n                                  <\/div>\n                              <\/div>\n                            <\/div>\n\n\n                                                      \n                            <div class=\"swiper-slide rounded glass p-0\">\n                              <div class=\"testimonial-content d-grid p-4\">\n                                  <div class=\"logo\">\n                                                                          <img decoding=\"async\" src=\"https:\/\/4allportal.com\/wp-content\/uploads\/bofrost-logo-white.svg\" alt=\"\">\n                                                                      <\/div>\n                                  <article>\n                                    <p>Wir haben 21 PIM-Module realisiert und Kernprozesse optimiert. \u00dcber 130.000 Assets, 400 Markenbilder und 4.500 Rezepte stehen produktbezogen  jederzeit zur Verf\u00fcgung.<\/p>\n                                  <\/article>\n                                  <div class=\"d-flex author\">\n                                                                          \n                                                                                    <img decoding=\"async\" class=\"mr-2\" src=\"https:\/\/4allportal.com\/wp-content\/uploads\/Thomas_2-scaled-e1714997663759-150x144.jpg\" alt=\"bofrost* Projektmanager Thomas Borkowski\">\n                                                                                                                <p><b>Thomas Borkowski<\/b><br>Projektmanager<\/p>\n                                  <\/div>\n                              <\/div>\n                            <\/div>\n\n\n                                                \n                                                        \n                    <\/div>\n                    <!-- <div class=\"swiper-pagination\"><\/div> -->\n                <\/div>\n          <\/div>\n          <\/div>\n      <\/div>\n  <\/div>\n<\/section>\n\n<script src=\"https:\/\/cdn.jsdelivr.net\/npm\/swiper@11\/swiper-bundle.min.js\"><\/script>\n<script>\n  var swiper = new Swiper(\".testimonial-slider-design-two\", {\n    navigation: {\n        nextEl: \".testimonial-slider .swiper-button-next\",\n        prevEl: \".testimonial-slider .swiper-button-prev\",\n      },\n    breakpoints: {\n        640: {\n          slidesPerView: 1,\n          spaceBetween: 30,\n          gap: 30,\n        },\n        1024: {\n          slidesPerView: 2,\n          spaceBetween: 30,\n          gap: 30,\n        },\n    },\n  });\n<\/script>\n\n\n  <\/div>\n<\/section>","protected":false},"excerpt":{"rendered":"","protected":false},"author":15,"featured_media":0,"parent":0,"menu_order":0,"comment_status":"closed","ping_status":"closed","template":"","meta":{"_acf_changed":false,"footnotes":""},"tags":[],"product_categories":[],"customer_stage":[],"class_list":["post-29049","page","type-page","status-publish","hentry"],"acf":[],"_links":{"self":[{"href":"https:\/\/4allportal.com\/de\/wp-json\/wp\/v2\/pages\/29049","targetHints":{"allow":["GET"]}}],"collection":[{"href":"https:\/\/4allportal.com\/de\/wp-json\/wp\/v2\/pages"}],"about":[{"href":"https:\/\/4allportal.com\/de\/wp-json\/wp\/v2\/types\/page"}],"author":[{"embeddable":true,"href":"https:\/\/4allportal.com\/de\/wp-json\/wp\/v2\/users\/15"}],"replies":[{"embeddable":true,"href":"https:\/\/4allportal.com\/de\/wp-json\/wp\/v2\/comments?post=29049"}],"version-history":[{"count":2,"href":"https:\/\/4allportal.com\/de\/wp-json\/wp\/v2\/pages\/29049\/revisions"}],"predecessor-version":[{"id":41145,"href":"https:\/\/4allportal.com\/de\/wp-json\/wp\/v2\/pages\/29049\/revisions\/41145"}],"wp:attachment":[{"href":"https:\/\/4allportal.com\/de\/wp-json\/wp\/v2\/media?parent=29049"}],"wp:term":[{"taxonomy":"post_tag","embeddable":true,"href":"https:\/\/4allportal.com\/de\/wp-json\/wp\/v2\/tags?post=29049"},{"taxonomy":"product_categories","embeddable":true,"href":"https:\/\/4allportal.com\/de\/wp-json\/wp\/v2\/product_categories?post=29049"},{"taxonomy":"customer_stage","embeddable":true,"href":"https:\/\/4allportal.com\/de\/wp-json\/wp\/v2\/customer_stage?post=29049"}],"curies":[{"name":"wp","href":"https:\/\/api.w.org\/{rel}","templated":true}]}}