{"id":3253,"date":"2022-09-05T16:09:34","date_gmt":"2022-09-05T16:09:34","guid":{"rendered":"https:\/\/fourallportal.wpengine.com\/?page_id=3253"},"modified":"2026-03-12T13:39:54","modified_gmt":"2026-03-12T13:39:54","slug":"impressum","status":"publish","type":"page","link":"https:\/\/4allportal.com\/de\/impressum","title":{"rendered":"Allgemein: Impressum"},"content":{"rendered":"\n<section id=\"content-wrapper-block_6c9e026ac7312ba6316fe07a9a2df6c8\" class=\"content-wrapper position-relative\"\n  style=\" padding-inline: ; overflow-x: visible;\">\n  \n<style>\n@media screen and (min-width: 391px) {\n  #content-wrapper-block_6c9e026ac7312ba6316fe07a9a2df6c8 {\n    padding-top: 90px;\n    padding-bottom: 0px;\n  }\n}\n\n@media screen and (max-width: 390px) {\n  #content-wrapper-block_6c9e026ac7312ba6316fe07a9a2df6c8 {\n    padding-top: 90px;\n    padding-bottom: 0px;\n  }\n}\n<\/style>\n\n  \n  <div class=\"container px-0\">\n    \n        \n\n<div class=\"wp-block-columns are-vertically-aligned-center is-layout-flex wp-container-core-columns-is-layout-9d6595d7 wp-block-columns-is-layout-flex\">\n<div class=\"wp-block-column is-vertically-aligned-center is-layout-flow wp-block-column-is-layout-flow\">\n<h1 class=\"wp-block-heading\" style=\"text-transform:none\">Impressum<\/h1>\n\n\n\n<h2 class=\"wp-block-heading has-orange-color has-text-color has-link-color wp-elements-b5baea67872c0edd3beda86429530b2d\">4ALLPORTAL GmbH<\/h2>\n\n\n\n<p>Friedrich-Ebert-Str. 67-71<br>33330 G\u00fctersloh \u2013 Germany<\/p>\n\n\n\n<p><strong>Telefon:<\/strong> +49 5241 74 33 63 \u2013 0<br><strong>Fax:<\/strong> +49 5241 74 33 64 \u2013 0<br><strong>E-Mail:<\/strong> <a href=\"mailto:info@4allportal.com\">info@4allportal.com<\/a><\/p>\n\n\n\n<p><\/p>\n\n\n\n<p><strong>Firmensitz:<\/strong> G\u00fctersloh<br><strong>Eingetragen im:<\/strong> Handelsregister des Amtsgerichts G\u00fctersloh unter HRB 7315<br><strong>Gesch\u00e4ftsf\u00fchrer:<\/strong> Daniel L\u00fccke und Dominic Vieregge<br><strong>Umsatzsteueridentit\u00e4tsnummer: <\/strong>DE213045965<\/p>\n<\/div>\n\n\n\n<div class=\"wp-block-column is-vertically-aligned-center is-layout-flow wp-block-column-is-layout-flow\">\n<figure class=\"wp-block-image size-large\"><img loading=\"lazy\" decoding=\"async\" width=\"1024\" height=\"1024\" src=\"https:\/\/4allportal.com\/wp-content\/uploads\/gebaeude-4allportal-edited-2-1024x1024.jpg\" alt=\"4ALLPORTAL Geb\u00e4ude\" class=\"wp-image-25220\" srcset=\"https:\/\/4allportal.com\/wp-content\/uploads\/gebaeude-4allportal-edited-2-1024x1024.jpg 1024w, https:\/\/4allportal.com\/wp-content\/uploads\/gebaeude-4allportal-edited-2-300x300.jpg 300w, https:\/\/4allportal.com\/wp-content\/uploads\/gebaeude-4allportal-edited-2-150x150.jpg 150w, https:\/\/4allportal.com\/wp-content\/uploads\/gebaeude-4allportal-edited-2-768x767.jpg 768w, https:\/\/4allportal.com\/wp-content\/uploads\/gebaeude-4allportal-edited-2.jpg 1202w\" sizes=\"auto, (max-width: 1024px) 100vw, 1024px\" \/><\/figure>\n<\/div>\n<\/div>\n\n\n  <\/div>\n<\/section>\n\n\n<section id=\"content-wrapper-block_eff2636dcb7b25d23c726f82bf4e6396\" class=\"content-wrapper position-relative\"\n  style=\" padding-inline: ; overflow-x: visible;\">\n  \n<style>\n@media screen and (min-width: 391px) {\n  #content-wrapper-block_eff2636dcb7b25d23c726f82bf4e6396 {\n    padding-top: 60px;\n    padding-bottom: 60px;\n  }\n}\n\n@media screen and (max-width: 390px) {\n  #content-wrapper-block_eff2636dcb7b25d23c726f82bf4e6396 {\n    padding-top: 30px;\n    padding-bottom: 30px;\n  }\n}\n<\/style>\n\n  \n  <div class=\"container px-0\">\n    \n        \n\n<div style=\"height:100px\" aria-hidden=\"true\" class=\"wp-block-spacer\"><\/div>\n\n\n\n<h2 class=\"wp-block-heading\">Urheberrecht<\/h2>\n\n\n\n<p>Diese Webseiten und deren Inhalte unterliegen dem deutschen Leistungsschutz- und Urheberrecht. Unerlaubte Vervielf\u00e4ltigungen au\u00dferhalb der engen Grenzen des UrhG sind ohne die schriftliche Zustimmung von 4ALLPORTAL GmbH verboten.<\/p>\n\n\n\n<p>Haftung f\u00fcr die abrufbaren Inhalte<br>Die hier abrufbaren Inhalte erheben keinen Anspruch auf Vollst\u00e4ndigkeit. Sie haben vielmehr einen informativen Charakter, ohne dass f\u00fcr die Richtigkeit Gew\u00e4hr \u00fcbernommen wird.<\/p>\n\n\n\n<div style=\"height:60px\" aria-hidden=\"true\" class=\"wp-block-spacer\"><\/div>\n\n\n\n<h3 class=\"wp-block-heading\">Haftung f\u00fcr Links<\/h3>\n\n\n\n<p>Die im Rahmen dieses Angebotes weiterverweisenden externen Links zu Angeboten Dritter f\u00fchren zu Inhalten der jeweiligen Anbieter und sind nicht unsrige. Diese Verweise sind als solche aus dem Zusammenhang erkennbar oder gesondert gekennzeichnet. 4ALLPORTAL GmbH hat keinerlei Einfluss auf die dort bereitgehaltenen Inhalte und macht sich diese durch die Verweise nicht zu eigen. Insbesondere distanzieren wir uns ausdr\u00fccklich von den dort abrufbaren \u00c4u\u00dferungen. Die Inhalte unserer Seiten wurden mit gr\u00f6\u00dfter Sorgfalt erstellt. F\u00fcr die Richtigkeit, Vollst\u00e4ndigkeit und Aktualit\u00e4t der Inhalte k\u00f6nnen wir jedoch keine Gew\u00e4hr \u00fcbernehmen. Als Diensteanbieter sind wir gem\u00e4\u00df \u00a7 7 Abs.1 DDG f\u00fcr eigene Inhalte auf diesen Seiten nach den allgemeinen Gesetzen verantwortlich. Nach \u00a7\u00a7 8 bis 10 DDG sind wir als Diensteanbieter jedoch nicht verpflichtet, \u00fcbermittelte oder gespeicherte fremde Informationen zu \u00fcberwachen oder nach Umst\u00e4nden zu forschen, die auf eine rechtswidrige T\u00e4tigkeit hinweisen. Verpflichtungen zur Entfernung oder Sperrung der Nutzung von Informationen nach den allgemeinen Gesetzen bleiben hiervon unber\u00fchrt. Eine diesbez\u00fcgliche Haftung ist jedoch erst ab dem Zeitpunkt der Kenntnis einer konkreten Rechtsverletzung m\u00f6glich. Bei bekannt werden von entsprechenden Rechtsverletzungen werden wir diese Inhalte umgehend entfernen.<\/p>\n\n\n\n<div style=\"height:60px\" aria-hidden=\"true\" class=\"wp-block-spacer\"><\/div>\n\n\n\n<h3 class=\"wp-block-heading\">Bildrechte Fotos<\/h3>\n\n\n\n<p>Pixabay: <a href=\"https:\/\/www.pixabay.com\/\" target=\"_blank\" rel=\"noopener\">www.pixabay.com<\/a><\/p>\n\n\n\n<p>Freepik: <a href=\"http:\/\/www.freepik.com\/\" target=\"_blank\" rel=\"noopener\">Designed by Freepik<\/a><\/p>\n\n\n\n<div style=\"height:60px\" aria-hidden=\"true\" class=\"wp-block-spacer\"><\/div>\n\n\n\n<h3 class=\"wp-block-heading\">Datenschutzbeauftragter<\/h3>\n\n\n\n<div class=\"wp-block-group p-3 rounded mt-2 mb-3 has-light-orange-background-color has-background\"><div class=\"wp-block-group__inner-container is-layout-constrained wp-block-group-is-layout-constrained\">\n<div class=\"wp-block-group gap-3 is-nowrap is-layout-flex wp-container-core-group-is-layout-ad2f72ca wp-block-group-is-layout-flex\">\n<div class=\"number\"><span class=\"material-symbols-outlined\"> account_circle <\/span><\/div>\n\n\n\n<div class=\"wp-block-group\"><div class=\"wp-block-group__inner-container is-layout-constrained wp-block-group-is-layout-constrained\">\n<p><a href=\"mailto:data-protection@4allportal.com\" target=\"_blank\" rel=\"noreferrer noopener\"><strong>data-protection@4allportal.com<\/strong><\/a><\/p>\n\n\n\n<p>Data Protection Officer&nbsp;<\/p>\n<\/div><\/div>\n<\/div>\n<\/div><\/div>\n\n\n\n<div style=\"height:100px\" aria-hidden=\"true\" class=\"wp-block-spacer\"><\/div>\n\n\n\n<h2 class=\"wp-block-heading\">Datenschutzhinweise<\/h2>\n\n\n\n<h3 class=\"wp-block-heading\">Geltungsbereich<\/h3>\n\n\n\n<p>Diese Datenschutzerkl\u00e4rung kl\u00e4rt Nutzer \u00fcber die Art, den Umfang und Zwecke der Erhebung und Verwendung personenbezogener Daten durch den verantwortlichen Anbieter 4ALLPORTAL GmbH, Friedrich-Ebert-Str. 67-71, <a href=\"mailto:info@4allportal.com\">info@4allportal.com<\/a> auf dieser Website (im folgenden \u201cAngebot\u201d) auf. Die rechtlichen Grundlagen des Datenschutzes finden sich im Bundesdatenschutzgesetz (BDSG) und dem DDG (Digitale Dienste Gesetz).<\/p>\n\n\n\n<h3 class=\"wp-block-heading\">Zugriffsdaten\/Server-Logfiles<\/h3>\n\n\n\n<p>Der Anbieter (beziehungsweise sein Webspace-Provider) erhebt Daten \u00fcber jeden Zugriff auf das Angebot (so genannte Serverlogfiles). Zu den Zugriffsdaten geh\u00f6ren: Name der abgerufenen Webseite, Datei, Datum und Uhrzeit des Abrufs, \u00fcbertragene Datenmenge, Meldung \u00fcber erfolgreichen Abruf, Browsertyp nebst Version, das Betriebssystem des Nutzers, Referrer URL (die zuvor besuchte Seite), IP-Adresse und der anfragende Provider. Der Anbieter verwendet die Protokolldaten nur f\u00fcr statistische Auswertungen zum Zweck des Betriebs, der Sicherheit und der Optimierung des Angebotes. Der Anbieter beh\u00e4lt sich jedoch vor, die Protokolldaten nachtr\u00e4glich zu \u00fcberpr\u00fcfen, wenn aufgrund konkreter Anhaltspunkte der berechtigte Verdacht einer rechtswidrigen Nutzung besteht.<\/p>\n\n\n\n<h3 class=\"wp-block-heading\">Umgang mit personenbezogenen Daten<\/h3>\n\n\n\n<p>Personenbezogene Daten sind Informationen, mit deren Hilfe eine Person bestimmbar ist, also Angaben, die zur\u00fcck zu einer Person verfolgt werden k\u00f6nnen. Dazu geh\u00f6ren der Name, die Emailadresse oder die Telefonnummer. Aber auch Daten \u00fcber Vorlieben, Hobbies, Mitgliedschaften oder welche Webseiten von jemandem angesehen wurden, z\u00e4hlen zu personenbezogenen Daten. Personenbezogene Daten werden von dem Anbieter nur dann erhoben, genutzt und weitergegeben, wenn dies gesetzlich erlaubt ist oder die Nutzer in die Datenerhebung einwilligen.<\/p>\n\n\n\n<h3 class=\"wp-block-heading\">Kontaktaufnahme<\/h3>\n\n\n\n<p>Bei der Kontaktaufnahme mit dem Anbieter (zum Beispiel per Kontaktformular oder E-Mail) werden die Angaben des Nutzers zwecks Bearbeitung der Anfrage sowie f\u00fcr den Fall, dass Anschlussfragen entstehen gespeichert.<\/p>\n\n\n\n<h3 class=\"wp-block-heading\">Newsletter<\/h3>\n\n\n\n<p>Mit dem Newsletter informieren wir Sie \u00fcber uns und unsere Angebote. Wenn Sie den Newsletter empfangen m\u00f6chten, ben\u00f6tigen wir von Ihnen eine valide Email-Adresse sowie Informationen, die uns die \u00dcberpr\u00fcfung gestatten, dass Sie der Inhaber der angegebenen Email-Adresse sind bzw. deren Inhaber mit dem Empfang des Newsletters einverstanden ist. Weitere Daten werden nicht erhoben. Diese Daten werden nur f\u00fcr den Versand der Newsletter verwendet und werden nicht an Dritte weiter gegeben. Mit der Anmeldung zum Newsletter speichern wir Ihre IP-Adresse und das Datum der Anmeldung. Diese Speicherung dient alleine dem Nachweis im Fall, dass ein Dritter eine Emailadresse missbraucht und sich ohne Wissen des Berechtigten f\u00fcr den Newsletterempfang anmeldet. Ihre Einwilligung zur Speicherung der Daten, der Email-Adresse sowie deren Nutzung zum Versand des Newsletters k\u00f6nnen Sie jederzeit widerrufen. Der Widerruf kann \u00fcber einen Link in den Newslettern selbst, in Ihrem Profilbereich oder per Mitteilung an die oben stehenden Kontaktm\u00f6glichkeiten erfolgen.<\/p>\n\n\n\n<h3 class=\"wp-block-heading\">Einbindung von Diensten und Inhalten Dritter<\/h3>\n\n\n\n<p>Es kann vorkommen, dass innerhalb dieses Onlineangebotes Inhalte Dritter, wie zum Beispiel Videos von YouTube, Kartenmaterial von Google-Maps, RSS-Feeds oder Grafiken von anderen Webseiten eingebunden werden. Dies setzt immer voraus, dass die Anbieter dieser Inhalte (nachfolgend bezeichnet als \u201eDritt-Anbieter\u201c) die IP-Adresse der Nutzer wahr nehmen. Denn ohne die IP-Adresse, k\u00f6nnten sie die Inhalte nicht an den Browser des jeweiligen Nutzers senden. Die IP-Adresse ist damit f\u00fcr die Darstellung dieser Inhalte erforderlich. Wir bem\u00fchen uns nur solche Inhalte zu verwenden, deren jeweilige Anbieter die IP-Adresse lediglich zur Auslieferung der Inhalte verwenden. Jedoch haben wir keinen Einfluss darauf, falls die Dritt-Anbieter die IP-Adresse z.B. f\u00fcr statistische Zwecke speichern. Soweit dies uns bekannt ist, kl\u00e4ren wir die Nutzer dar\u00fcber auf.<\/p>\n\n\n\n<h3 class=\"wp-block-heading\">Cookies<\/h3>\n\n\n\n<p>Cookies sind kleine Dateien, die es erm\u00f6glichen, auf dem Zugriffsger\u00e4t der Nutzer (PC, Smartphone o.\u00e4.) spezifische, auf das Ger\u00e4t bezogene Informationen zu speichern. Sie dienen zum einem der Benutzerfreundlichkeit von Webseiten und damit den Nutzern (z.B. Speicherung von Logindaten). Zum anderen dienen sie, um die statistische Daten der Webseitennutzung zu erfassen und sie zwecks Verbesserung des Angebotes analysieren zu k\u00f6nnen. Die Nutzer k\u00f6nnen auf den Einsatz der Cookies Einfluss nehmen. Die meisten Browser verf\u00fcgen eine Option mit der das Speichern von Cookies eingeschr\u00e4nkt oder komplett verhindert wird. Allerdings wird darauf hingewiesen, dass die Nutzung und insbesondere der Nutzungskomfort ohne Cookies eingeschr\u00e4nkt werden. Sie k\u00f6nnen viele Online-Anzeigen-Cookies von Unternehmen \u00fcber die US-amerikanische Seite <a href=\"http:\/\/www.aboutads.info\/choices\/\" target=\"_blank\" rel=\"noopener\">http:\/\/www.aboutads.info\/choices\/<\/a>oder die EU-Seite <a href=\"http:\/\/www.youronlinechoices.com\/uk\/your-ad-choices\/\" target=\"_blank\" rel=\"noopener\">http:\/\/www.youronlinechoices.com\/uk\/your-ad-choices\/<\/a> verwalten.<\/p>\n\n\n\n<h3 class=\"wp-block-heading\">Google Analytics<\/h3>\n\n\n\n<p>Dieses Angebot benutzt Google Analytics, einen Webanalysedienst der Google Inc. (\u201eGoogle\u201c). Google Analytics verwendet sog. \u201eCookies\u201c, Textdateien, die auf Computer der Nutzer gespeichert werden und die eine Analyse der Benutzung der Website durch sie erm\u00f6glichen. Die durch den Cookie erzeugten Informationen \u00fcber Benutzung dieser Website durch die Nutzer werden in der Regel an einen Server von Google in den USA \u00fcbertragen und dort gespeichert. Im Falle der Aktivierung der IP-Anonymisierung auf dieser Webseite, wird die IP-Adresse der Nutzer von Google jedoch innerhalb von Mitgliedstaaten der Europ\u00e4ischen Union oder in anderen Vertragsstaaten des Abkommens \u00fcber den Europ\u00e4ischen Wirtschaftsraum zuvor gek\u00fcrzt. Nur in Ausnahmef\u00e4llen wird die volle IP-Adresse an einen Server von Google in den USA \u00fcbertragen und dort gek\u00fcrzt. Die IP-Anonymisierung ist auf dieser Website aktiv. Im Auftrag des Betreibers dieser Website wird Google diese Informationen benutzen, um die Nutzung der Website durch die Nutzer auszuwerten, um Reports \u00fcber die Websiteaktivit\u00e4ten zusammenzustellen und um weitere mit der Websitenutzung und der Internetnutzung verbundene Dienstleistungen gegen\u00fcber dem Websitebetreiber zu erbringen. Die im Rahmen von Google Analytics von Ihrem Browser \u00fcbermittelte IP-Adresse wird nicht mit anderen Daten von Google zusammengef\u00fchrt. Die Nutzer k\u00f6nnen die Speicherung der Cookies durch eine entsprechende Einstellung Ihrer Browser-Software verhindern; Dieses Angebot weist die Nutzer jedoch darauf hin, dass Sie in diesem Fall gegebenenfalls nicht s\u00e4mtliche Funktionen dieser Website vollumf\u00e4nglich werden nutzen k\u00f6nnen. Die Nutzer k\u00f6nnen dar\u00fcber hinaus die Erfassung der durch das Cookie erzeugten und auf ihre Nutzung der Website bezogenen Daten (inkl. Ihrer IP-Adresse) an Google sowie die Verarbeitung dieser Daten durch Google verhindern, indem sie das unter dem folgenden Link verf\u00fcgbare Browser-Plugin herunterladen und installieren: <a href=\"http:\/\/tools.google.com\/dlpage\/gaoptout?hl=de\" target=\"_blank\" rel=\"noopener\">http:\/\/tools.google.com\/dlpage\/gaoptout?hl=de<\/a>. Weitere Informationen zur Datennutzung zu Werbezwecken durch Google, Einstellungs- und Widerspruchsm\u00f6glichkeiten erfahren Sie auf den Webseiten von Google: <a href=\"https:\/\/www.google.com\/intl\/de\/policies\/privacy\/partners\/\" target=\"_blank\" rel=\"noopener\">https:\/\/www.google.com\/intl\/de\/policies\/privacy\/partners\/<\/a>(\u201eDatennutzung durch Google bei Ihrer Nutzung von Websites oder Apps unserer Partner\u201c), <a href=\"http:\/\/www.google.com\/policies\/technologies\/ads\" target=\"_blank\" rel=\"noopener\">http:\/\/www.google.com\/policies\/technologies\/ads<\/a>(\u201eDatennutzung zu Werbezwecken\u201c),<a href=\"http:\/\/www.google.de\/settings\/ads\" target=\"_blank\" rel=\"noopener\">http:\/\/www.google.de\/settings\/ads<\/a>(\u201eInformationen verwalten, die Google verwendet, um Ihnen Werbung einzublenden\u201c) und <a href=\"http:\/\/www.google.com\/ads\/preferences\/\" target=\"_blank\" rel=\"noopener\">http:\/\/www.google.com\/ads\/preferences\/<\/a>(\u201eBestimmen Sie, welche Werbung Google Ihnen zeigt\u201c). Alternativ zum Browser-Add-On oder innerhalb von Browsern auf mobilen Ger\u00e4ten, klicken Sie bitte diesen Link, um die Erfassung durch Google Analytics innerhalb dieser Website zuk\u00fcnftig zu verhindern. Dabei wird ein Opt-Out-Cookie auf Ihrem Ger\u00e4t abgelegt. L\u00f6schen Sie Ihre Cookies, m\u00fcssen Sie diesen Link erneut klicken.<\/p>\n\n\n\n<h3 class=\"wp-block-heading\">Verwendung von Facebook Social Plugins<\/h3>\n\n\n\n<p>Dieses Angebot verwendet Social Plugins (\u201ePlugins\u201c) des sozialen Netzwerkes facebook.com, welches von der Facebook Ireland Ltd., 4 Grand Canal Square, Grand Canal Harbour, Dublin 2, Irland betrieben wird (\u201eFacebook\u201c). Die Plugins sind an einem der Facebook Logos erkennbar (wei\u00dfes \u201ef\u201c auf blauer Kachel, den Begriffen \u201eLike\u201c, \u201eGef\u00e4llt mir\u201c oder einem \u201eDaumen hoch\u201c-Zeichen) oder sind mit dem Zusatz \u201eFacebook Social Plugin\u201c gekennzeichnet. Die Liste und das Aussehen der Facebook Social Plugins kann hier eingesehen werden: <a href=\"https:\/\/developers.facebook.com\/docs\/plugins\/\" target=\"_blank\" rel=\"noopener\">https:\/\/developers.facebook.com\/docs\/plugins\/<\/a>. Wenn ein Nutzer eine Webseite dieses Angebots aufruft, die ein solches Plugin enth\u00e4lt, baut sein Browser eine direkte Verbindung mit den Servern von Facebook auf. Der Inhalt des Plugins wird von Facebook direkt an Ihren Browser \u00fcbermittelt und von diesem in die Webseite eingebunden. Der Anbieter hat daher keinen Einfluss auf den Umfang der Daten, die Facebook mit Hilfe dieses Plugins erhebt und informiert die Nutzer daher entsprechend seinem <a href=\"http:\/\/www.facebook.com\/help\/?faq=17512\" target=\"_blank\" rel=\"noopener\">Kenntnisstand<\/a>: Durch die Einbindung der Plugins erh\u00e4lt Facebook die Information, dass ein Nutzer die entsprechende Seite des Angebots aufgerufen hat. Ist der Nutzer bei Facebook eingeloggt, kann Facebook den Besuch seinem Facebook-Konto zuordnen. Wenn Nutzer mit den Plugins interagieren, zum Beispiel den Like Button bet\u00e4tigen oder einen Kommentar abgeben, wird die entsprechende Information von Ihrem Browser direkt an Facebook \u00fcbermittelt und dort gespeichert. Falls ein Nutzer kein Mitglied von Facebook ist, besteht trotzdem die M\u00f6glichkeit, dass Facebook seine IP-Adresse in Erfahrung bringt und speichert. Laut Facebook wird in Deutschland nur eine anonymisierte IP-Adresse gespeichert. Zweck und Umfang der Datenerhebung und die weitere Verarbeitung und Nutzung der Daten durch Facebook sowie die diesbez\u00fcglichen Rechte und Einstellungsm\u00f6glichkeiten zum Schutz der Privatsph\u00e4re der Nutzer, k\u00f6nnen diese den Datenschutzhinweisen von Facebook entnehmen: <a href=\"https:\/\/www.facebook.com\/about\/privacy\/\" target=\"_blank\" rel=\"noopener\">https:\/\/www.facebook.com\/about\/privacy\/<\/a>. Wenn ein Nutzer Facebookmitglied ist und nicht m\u00f6chte, dass Facebook \u00fcber dieses Angebot Daten \u00fcber ihn sammelt und mit seinen bei Facebook gespeicherten Mitgliedsdaten verkn\u00fcpft, muss er sich vor dem Besuch des Internetauftritts bei Facebook ausloggen. Weitere Einstellungen und Widerspr\u00fcche zur Nutzung von Daten f\u00fcr Werbezwecke, sind innerhalb der Facebook-Profileinstellungen m\u00f6glich: <a href=\"https:\/\/www.facebook.com\/settings?tab=ads\" target=\"_blank\" rel=\"noopener\">https:\/\/www.facebook.com\/settings?tab=ads<\/a>.<\/p>\n\n\n\n<h3 class=\"wp-block-heading\">Widerruf, \u00c4nderungen, Berichtigungen und Aktualisierungen<\/h3>\n\n\n\n<p>Der Nutzer hat das Recht, auf Antrag unentgeltlich Auskunft zu erhalten \u00fcber die personenbezogenen Daten, die \u00fcber ihn gespeichert wurden. Zus\u00e4tzlich hat der Nutzer das Recht auf Berichtigung unrichtiger Daten, Sperrung und L\u00f6schung seiner personenbezogenen Daten, soweit dem keine gesetzliche Aufbewahrungspflicht entgegensteht.<\/p>\n\n\n\n<h3 class=\"wp-block-heading\">Genderhinweis<\/h3>\n\n\n\n<p>Im Sinne einer besseren Lesbarkeit der Texte wurde von uns entweder die m\u00e4nnliche oder weibliche Form von personenbezogenen Hauptw\u00f6rtern gew\u00e4hlt. Dies impliziert keinesfalls eine Benachteiligung des jeweils anderen Geschlechts. Frauen und M\u00e4nner m\u00f6gen sich von den Inhalten unserer Website gleicherma\u00dfen angesprochen f\u00fchlen. Wir danken f\u00fcr Ihr Verst\u00e4ndnis.<\/p>\n\n\n\n<div style=\"height:100px\" aria-hidden=\"true\" class=\"wp-block-spacer\"><\/div>\n\n\n\n<p><a href=\"https:\/\/4allportal.com\/de\/datenschutz\" data-type=\"page\" data-id=\"3257\">Datenschutzhinweise<\/a><\/p>\n\n\n  <\/div>\n<\/section>","protected":false},"excerpt":{"rendered":"","protected":false},"author":3,"featured_media":0,"parent":0,"menu_order":0,"comment_status":"closed","ping_status":"closed","template":"","meta":{"_acf_changed":false,"footnotes":""},"tags":[],"product_categories":[],"customer_stage":[450],"class_list":["post-3253","page","type-page","status-publish","hentry"],"acf":[],"_links":{"self":[{"href":"https:\/\/4allportal.com\/de\/wp-json\/wp\/v2\/pages\/3253","targetHints":{"allow":["GET"]}}],"collection":[{"href":"https:\/\/4allportal.com\/de\/wp-json\/wp\/v2\/pages"}],"about":[{"href":"https:\/\/4allportal.com\/de\/wp-json\/wp\/v2\/types\/page"}],"author":[{"embeddable":true,"href":"https:\/\/4allportal.com\/de\/wp-json\/wp\/v2\/users\/3"}],"replies":[{"embeddable":true,"href":"https:\/\/4allportal.com\/de\/wp-json\/wp\/v2\/comments?post=3253"}],"version-history":[{"count":2,"href":"https:\/\/4allportal.com\/de\/wp-json\/wp\/v2\/pages\/3253\/revisions"}],"predecessor-version":[{"id":41042,"href":"https:\/\/4allportal.com\/de\/wp-json\/wp\/v2\/pages\/3253\/revisions\/41042"}],"wp:attachment":[{"href":"https:\/\/4allportal.com\/de\/wp-json\/wp\/v2\/media?parent=3253"}],"wp:term":[{"taxonomy":"post_tag","embeddable":true,"href":"https:\/\/4allportal.com\/de\/wp-json\/wp\/v2\/tags?post=3253"},{"taxonomy":"product_categories","embeddable":true,"href":"https:\/\/4allportal.com\/de\/wp-json\/wp\/v2\/product_categories?post=3253"},{"taxonomy":"customer_stage","embeddable":true,"href":"https:\/\/4allportal.com\/de\/wp-json\/wp\/v2\/customer_stage?post=3253"}],"curies":[{"name":"wp","href":"https:\/\/api.w.org\/{rel}","templated":true}]}}