{"id":3612,"date":"2022-09-07T09:10:50","date_gmt":"2022-09-07T09:10:50","guid":{"rendered":"https:\/\/devfourall.wpengine.com\/?page_id=3612"},"modified":"2025-08-05T13:52:07","modified_gmt":"2025-08-05T13:52:07","slug":"kontakt","status":"publish","type":"page","link":"https:\/\/4allportal.com\/de\/kontakt","title":{"rendered":"Allgemein: Kontakt"},"content":{"rendered":"\n<section id=\"content-wrapper-block_58ff3d93949d4ac49ddd76ecae2d136d\" class=\"content-wrapper position-relative\"\n  style=\" padding-inline: ; overflow-x: visible;\">\n  \n<style>\n@media screen and (min-width: 391px) {\n  #content-wrapper-block_58ff3d93949d4ac49ddd76ecae2d136d {\n    padding-top: 30px;\n    padding-bottom: 30px;\n  }\n}\n\n@media screen and (max-width: 390px) {\n  #content-wrapper-block_58ff3d93949d4ac49ddd76ecae2d136d {\n    padding-top: 30px;\n    padding-bottom: 30px;\n  }\n}\n<\/style>\n\n  \n  <div class=\"container px-0\">\n    \n        \n\n<div class=\"blur blur-orange-gradient-60 blur-contact\"><\/div>  \n\n<style>.blur-contact {\nright: 200px; top: 0; z-index: 0;}<\/style>\n\n\n\n<div class=\"wp-block-columns are-vertically-aligned-center is-layout-flex wp-container-core-columns-is-layout-9d6595d7 wp-block-columns-is-layout-flex\">\n<div class=\"wp-block-column is-vertically-aligned-center is-layout-flow wp-block-column-is-layout-flow\">\n<div class=\"wp-block-group is-nowrap is-layout-flex wp-container-core-group-is-layout-ad2f72ca wp-block-group-is-layout-flex\">\n<div class=\"wp-block-group\"><div class=\"wp-block-group__inner-container is-layout-constrained wp-block-group-is-layout-constrained\">\n<p class=\"preheadline\">F\u00fcr deine Fragen und Anliegen<\/p>\n\n\n\n<h1 class=\"wp-block-heading mb-2\">Jetzt Kontakt aufnehmen<\/h1>\n\n\n\n<p class=\"has-medium-font-size\">Hast du Fragen zu unseren L\u00f6sungen, m\u00f6chtest eine Demo buchen oder ein spezifisches Anliegen mit uns besprechen? Wir sind hier, um dir mit unserer langj\u00e4hrigen Erfahrung und tiefgreifenden Expertise zur Seite zu stehen.<\/p>\n\n\n\n<div style=\"height:25px\" aria-hidden=\"true\" class=\"wp-block-spacer\"><\/div>\n\n\n\n<div class=\"wp-block-group is-nowrap is-layout-flex wp-container-core-group-is-layout-ad2f72ca wp-block-group-is-layout-flex\">\n<div class=\"number\"><span style=\"color: #FFF; font-weight: 600;\" class=\"material-symbols-outlined\">\nphone_enabled\n<\/span><\/div>\n\n\n\n<h4 class=\"wp-block-heading\">+49 5241 74336 380<\/h4>\n<\/div>\n<\/div><\/div>\n\n\n\n<div style=\"height:100px;width:106px\" aria-hidden=\"true\" class=\"wp-block-spacer wp-container-content-2ff4fa78\"><\/div>\n<\/div>\n<\/div>\n\n\n\n<div class=\"wp-block-column is-vertically-aligned-center is-layout-flow wp-block-column-is-layout-flow\">\n<style>\n@media screen and (min-width: 391px) {\n  #forms-block_b943f078a3e2308740f0ab04f4d1debf {\n    padding-top: 30px;\n    padding-bottom: 30px;\n  }\n}\n\n@media screen and (max-width: 390px) {\n  #forms-block_b943f078a3e2308740f0ab04f4d1debf {\n    padding-top: 30px;\n    padding-bottom: 30px;\n  }\n}\n<\/style>\n\n<style>\n    .iframe-wrapper {\n        width: 100%;\n    }\n<\/style>\n\n<div id=\"forms-block_b943f078a3e2308740f0ab04f4d1debf\" class=\"formsforms z-4 position-relative\" style=\"display: grid;\">\n                <div class=\"iframe-wrapper\">\n                                <div id=\"form-33864\">\n                    <div class=\"d-flex flex-column align-items-center\">\n                                                    <iframe id=\"forms-block_b943f078a3e2308740f0ab04f4d1debf_pardot-form\" class=\"__pardot_marketing_ids\" src=\"https:\/\/info.4allportal.com\/l\/600841\/2025-07-14\/2bd6h7v\" width=\"100%\" type=\"text\/html\" frameborder=\"0\" allowTransparency=\"true\" style=\"border: 0;\"><\/iframe>\n                                            <\/div>\n                <\/div>    \n                            <\/div>\n                <\/div>\n\n<script type=\"text\/javascript\">\n    window.addEventListener(\"load\", (event) => {\n      iFrameResize({\n        log: true,\n        checkOrigin: false\n      }, '#forms-block_b943f078a3e2308740f0ab04f4d1debf_pardot-form');\n    });\n<\/script><\/div>\n<\/div>\n\n\n\n<div style=\"height:100px\" aria-hidden=\"true\" class=\"wp-block-spacer\"><\/div>\n\n\n\n<style>\n@media screen and (min-width: 391px) {\n  #contact-person-block_8e73663854331c030662aafb259549ab {\n    padding-top: 30px;\n    padding-bottom: 30px;\n  }\n}\n\n@media screen and (max-width: 390px) {\n  #contact-person-block_8e73663854331c030662aafb259549ab {\n    padding-top: 30px;\n    padding-bottom: 30px;\n  }\n}\n<\/style>\n\n\n<section id=\"contact-person-block_8e73663854331c030662aafb259549ab\" class=\"contact-person position-relative\"\n  style=\"background: \">\n\n  <header class=\"container--medium\">\n    \n\n<p class=\"has-text-align-center preheadline\">Was k\u00f6nnen wir f\u00fcr dich tun?<\/p>\n\n\n\n<h2 class=\"wp-block-heading has-text-align-center contact-person__headline mb-2\">Finde Unterst\u00fctzung f\u00fcr deine Bed\u00fcrfnisse<\/h2>\n\n\n  <\/header>\n\n  <style>\n.contact-cards__part-four {\n  grid-template-columns: 100%;\n  gap: 3rem;\n}\n\n.light .contact-person-card--horizontal,\n.unset .contact-person-card--horizontal {\n  display: flex;\n  flex-direction: column;\n  grid-template-columns: 0.75fr 1fr;\n  background: white;\n  border: none;\n}\n.dark .contact-person-card--horizontal  {\n  display: flex;\n  flex-direction: column;\n  width: 100%;\n  background: rgba(255,255,255,0.1);\n  border: 1px solid rgba(255,255,255,0.2);\n}\n.contact-person-card--horizontal__img--frame {\n  aspect-ratio: 260 \/ 230;\n  overflow: hidden;\n}\n.contact-person-card--horizontal:hover .card__img--frame {\n  background: white;\n}\n@media screen and (min-width: 768px) {\n\n  .light .contact-person-card--horizontal,\n  .unset .contact-person-card--horizontal {\n    display: grid;\n    grid-template-columns: 0.75fr 1fr;\n    background: white;\n    border: none;\n  }\n  .dark .contact-person-card--horizontal {\n    display: grid;\n      grid-template-columns: 0.75fr 1fr;\n    background: rgba(255,255,255,0.1);\n    border: 1px solid rgba(255,255,255,0.2);\n  }\n\n    .contact-person-card--horizontal__name {\n        font-size: 2.4rem;\n    }\n\n    .contact-cards__part-four .contact-person-card--horizontal__txt{\n        font-size: 1.75rem;\n    }\n\n}\n\n@media (min-width: 992px) {\n  .contact-cards__part-four {\n    grid-template-columns: 1fr 1fr;\n  }\n}\n.contact-cards__part-four .blur {\n  left: -400px;\n  bottom: -200px;\n  z-index: 0;\n  \n}\n<\/style>\n\n\n<ul class=\"container | contact-cards__part-four list-unstyled mt-4 pb-6 d-grid px-2 px-md-0\">\n<div class=\"blur blur-orange-gradient-60\"><\/div>  \n\n  \n  <li class=\"contact-person-card--horizontal | w-100 box-sh rounded overflow-hidden\">\n\n    <div class=\"contact-person-card--horizontal__img--frame w-100 h-100\" style=\"overflow: hidden\">\n    <img loading=\"lazy\" decoding=\"async\" width=\"492\" height=\"327\" src=\"https:\/\/4allportal.com\/wp-content\/uploads\/demo-4ap-1.png\" class=\"contact-person-card--horizontal__img d-block w-100 h-100 o-fit--cover lazyload o-position--center\" alt=\"Erhalte eine kostenlose Demo\" srcset=\"https:\/\/4allportal.com\/wp-content\/uploads\/demo-4ap-1.png 492w, https:\/\/4allportal.com\/wp-content\/uploads\/demo-4ap-1-300x199.png 300w, https:\/\/4allportal.com\/wp-content\/uploads\/demo-4ap-1-150x100.png 150w\" sizes=\"auto, (max-width: 492px) 100vw, 492px\" title=\"\" \/>  <\/div>\n  \n\n  <div\n    class=\"contact-person-card--horizontal--horizontal__txt--wrapper | px-2 py-3 d-flex flex-column justify-content-between\">\n\n    <div>\n            <p class=\"contact-person-card--horizontal__name\">\n        <strong>\n          Demo buchen        <\/strong>\n      <\/p>\n      \n\n            <p class=\"contact-person-card--horizontal__txt \" style=\"flex: 1 0 auto;\">\n        Erlebe unsere L\u00f6sungen live.      <\/p>\n          <\/div>\n\n        <div>\n      <a href=\" https:\/\/4allportal.com\/de\/demo-anfrage\"\n        class=\"contact-person-card__link primary--link | text-uppercase d-flex m-0\"\n        target=\"_blank\">\n        Demo buchen      <\/a>\n    <\/div>\n    \n  <\/div>\n\n\n<\/li>\n\n\n  \n  <li class=\"contact-person-card--horizontal | w-100 box-sh rounded overflow-hidden\">\n\n    <div class=\"contact-person-card--horizontal__img--frame w-100 h-100\" style=\"overflow: hidden\">\n    <img loading=\"lazy\" decoding=\"async\" width=\"490\" height=\"327\" src=\"https:\/\/4allportal.com\/wp-content\/uploads\/support-4ap.png\" class=\"contact-person-card--horizontal__img d-block w-100 h-100 o-fit--cover lazyload o-position--center\" alt=\"Schneller Support im 4ALLPORTAL\" srcset=\"https:\/\/4allportal.com\/wp-content\/uploads\/support-4ap.png 490w, https:\/\/4allportal.com\/wp-content\/uploads\/support-4ap-300x200.png 300w, https:\/\/4allportal.com\/wp-content\/uploads\/support-4ap-150x100.png 150w\" sizes=\"auto, (max-width: 490px) 100vw, 490px\" title=\"\" \/>  <\/div>\n  \n\n  <div\n    class=\"contact-person-card--horizontal--horizontal__txt--wrapper | px-2 py-3 d-flex flex-column justify-content-between\">\n\n    <div>\n            <p class=\"contact-person-card--horizontal__name\">\n        <strong>\n          Support erhalten        <\/strong>\n      <\/p>\n      \n\n            <p class=\"contact-person-card--horizontal__txt \" style=\"flex: 1 0 auto;\">\n        Schnelle Hilfe f\u00fcr dein Anliegen.      <\/p>\n          <\/div>\n\n        <div>\n      <a href=\" https:\/\/4allportal.com\/de\/support\"\n        class=\"contact-person-card__link primary--link | text-uppercase d-flex m-0\"\n        target=\"_self\">\n        Support erhalten      <\/a>\n    <\/div>\n    \n  <\/div>\n\n\n<\/li>\n\n\n  \n  <li class=\"contact-person-card--horizontal | w-100 box-sh rounded overflow-hidden\">\n\n    <div class=\"contact-person-card--horizontal__img--frame w-100 h-100\" style=\"overflow: hidden\">\n    <img loading=\"lazy\" decoding=\"async\" width=\"490\" height=\"327\" src=\"https:\/\/4allportal.com\/wp-content\/uploads\/karriere-4ap.png\" class=\"contact-person-card--horizontal__img d-block w-100 h-100 o-fit--cover lazyload o-position--center\" alt=\"Karriere beim 4ALLPORTAL\" srcset=\"https:\/\/4allportal.com\/wp-content\/uploads\/karriere-4ap.png 490w, https:\/\/4allportal.com\/wp-content\/uploads\/karriere-4ap-300x200.png 300w, https:\/\/4allportal.com\/wp-content\/uploads\/karriere-4ap-150x100.png 150w\" sizes=\"auto, (max-width: 490px) 100vw, 490px\" title=\"\" \/>  <\/div>\n  \n\n  <div\n    class=\"contact-person-card--horizontal--horizontal__txt--wrapper | px-2 py-3 d-flex flex-column justify-content-between\">\n\n    <div>\n            <p class=\"contact-person-card--horizontal__name\">\n        <strong>\n          Karriere starten        <\/strong>\n      <\/p>\n      \n\n            <p class=\"contact-person-card--horizontal__txt \" style=\"flex: 1 0 auto;\">\n        Werde Teil unseres Expertenteams.      <\/p>\n          <\/div>\n\n        <div>\n      <a href=\" https:\/\/jobs.4allportal.com\/\"\n        class=\"contact-person-card__link primary--link | text-uppercase d-flex m-0\"\n        target=\"_self\">\n        Jobs entdecken      <\/a>\n    <\/div>\n    \n  <\/div>\n\n\n<\/li>\n\n\n  \n  <li class=\"contact-person-card--horizontal | w-100 box-sh rounded overflow-hidden\">\n\n    <div class=\"contact-person-card--horizontal__img--frame w-100 h-100\" style=\"overflow: hidden\">\n    <img loading=\"lazy\" decoding=\"async\" width=\"490\" height=\"327\" src=\"https:\/\/4allportal.com\/wp-content\/uploads\/csm-4ap.png\" class=\"contact-person-card--horizontal__img d-block w-100 h-100 o-fit--cover lazyload o-position--center\" alt=\"Kundenzufriedenheit\" srcset=\"https:\/\/4allportal.com\/wp-content\/uploads\/csm-4ap.png 490w, https:\/\/4allportal.com\/wp-content\/uploads\/csm-4ap-300x200.png 300w, https:\/\/4allportal.com\/wp-content\/uploads\/csm-4ap-150x100.png 150w\" sizes=\"auto, (max-width: 490px) 100vw, 490px\" title=\"\" \/>  <\/div>\n  \n\n  <div\n    class=\"contact-person-card--horizontal--horizontal__txt--wrapper | px-2 py-3 d-flex flex-column justify-content-between\">\n\n    <div>\n            <p class=\"contact-person-card--horizontal__name\">\n        <strong>\n          F\u00fcr unsere Kunden        <\/strong>\n      <\/p>\n      \n\n            <p class=\"contact-person-card--horizontal__txt \" style=\"flex: 1 0 auto;\">\n        Deine Zufriedenheit ist unser Ziel.      <\/p>\n          <\/div>\n\n        <div>\n      <a href=\" https:\/\/4allportal.com\/de\/support#ansprechpersonen\"\n        class=\"contact-person-card__link primary--link | text-uppercase d-flex m-0\"\n        target=\"_self\">\n        Ansprechpartner finden      <\/a>\n    <\/div>\n    \n  <\/div>\n\n\n<\/li>\n\n\n  <\/ul>\n<\/section>\n\n\n<style>\n@media screen and (min-width: 391px) {\n  #map-block_080b0d92c968b71fbd37bb20021b5f87 {\n    padding-top: 30px;\n    padding-bottom: 30px;\n  }\n}\n\n@media screen and (max-width: 390px) {\n  #map-block_080b0d92c968b71fbd37bb20021b5f87 {\n    padding-top: 30px;\n    padding-bottom: 30px;\n  }\n}\n<\/style>\n\n<style>\n@media (max-width: 768px) {\n  .map--container {\n    display: flex !important;\n    flex-direction: column;\n  }\n\n  #map {\n    aspect-ratio: 1 \/ 1;\n  }\n}\n<\/style>\n\n<section id=\"map-block_080b0d92c968b71fbd37bb20021b5f87\" class=\"map pb-5 pb-lg-9\"\n  style=\"background: \">\n  <header class=\"container\">\n    \n\n<p class=\"has-text-align-center preheadline\">Unser Hauptsitz<\/p>\n\n\n\n<h2 class=\"wp-block-heading has-text-align-center map__headline mb-2\">Hier findest du uns<\/h2>\n\n\n  <\/header>\n\n  <div class=\"map--container | rounded container mt-5 overflow-hidden\" style=\"display: grid; grid-template-columns: auto 1fr; background: rgba(255,255,255,0.1); border: 1px solid rgba(255,255,255,0.20)\">\n\n    <address class=\"map__info d-flex flex-column justify-content-center gap-3 p-5 px-6\"\n      style=\"font-style: normal;  \">\n\n      <!-- Headquarter -->\n            <div>\n        <p class=\"h4\">Hauptsitz <\/p>\n\n        <p style=\"width: max-content;\">4ALLPORTAL GmbH<br \/>\r\nFriedrich-Ebert-Str. 67-71<br \/>\r\n33330 G\u00fctersloh<br \/>\r\nDeutschland <\/p>\n      <\/div>\n      \n      <!-- Website -->\n      \n\n      <!-- E-Mail -->\n            <div>\n        <p class=\"h4\">E-Mail <\/p>\n\n        <a href=\"mailto:info@4allportal.com\"\n          target=\"_self\">info@4allportal.com <\/a>\n      <\/div>\n      \n\n            <div>\n        <p class=\"h4\">Telefon <\/p>\n\n        <a href=\"tel:#\"\n          target=\"_self\">+49 5241 74 33 63-80 <\/a>\n      <\/div>\n      \n    <\/address>\n\n    <!-- FALLBACK MAP  -->\n        <!-- \/ FALLBACK MAP  -->\n\n\n        <div id=\"map\" class=\"acf-map w-100\">\n      <style>\n      .acf-map {\n        width: 100%;\n        height: 100%;\n        border: rgba(255,255,255,0.85) solid 1px;\n      }\n\n      \/* \/\/ Fixes potential theme css conflict. *\/\n      .acf-map img {\n        max-width: inherit !important;\n      }\n      <\/style>\n\n\n      <!-- Add API Key -->\n      <script type=\"text\/javascript\" type=\"module\">\n      let map;\n\n      function initMap() {\n\n        let mapArgs = {\n          lat: 51.9091056,\n          lng: 8.3832977,\n        }\n\n        map = new google.maps.Map(document.getElementById(\"map\"), {\n          center: mapArgs,\n          zoom: 14,\n        });\n\n        new google.maps.Marker({\n          position: mapArgs,\n          map,\n          title: \"Friedrich-Ebert-Strau00dfe 67\",\n        });\n\n        return map;\n      }\n\n      window.initMap = initMap;\n      <\/script>\n\n      <script async defer\n        src=\"https:\/\/maps.googleapis.com\/maps\/api\/js?key=AIzaSyD0NEEzBgImyR-PREBvwZ0y8d6qC-oCS0A&#038;callback=initMap\">\n      <\/script>\n\n\n\n    <\/div>\n    \n\n  <\/div>\n\n<\/section>\n\n\n<details class=\"wp-block-details has-orange-color has-text-color has-link-color wp-elements-c8f9d5e3b8cf65ebf3ab268481ecdfce is-layout-flow wp-block-details-is-layout-flow\"><summary>Anfahrtsinformationen<\/summary>\n<div class=\"wp-block-columns gap-xl-8 is-layout-flex wp-container-core-columns-is-layout-9d6595d7 wp-block-columns-is-layout-flex\">\n<div class=\"wp-block-column is-layout-flow wp-block-column-is-layout-flow\">\n<h3 class=\"wp-block-heading pb-2\">Mit dem Auto\/Parken<\/h3>\n\n\n\n<p>Sie finden uns in dem neuen Geb\u00e4ude direkt neben der Volksbank auf der Friedrich-Ebert-Stra\u00dfe 67-71. Zum Parken fahren Sie von hinten an das Geb\u00e4ude heran, \u00fcber die <strong>Dr.-Kranefu\u00df-Stra\u00dfe<\/strong>. F\u00fcr unsere Kunden steht das <strong>Parkhaus<\/strong> mit ausreichend Parkm\u00f6glichkeiten zur Verf\u00fcgung. Sie finden das Team des 4ALLPORTALs im <strong>Erdgeschoss<\/strong>, der <strong>ersten und zweiten Etage<\/strong>. <\/p>\n\n\n\n<div style=\"height:40px\" aria-hidden=\"true\" class=\"wp-block-spacer\"><\/div>\n\n\n\n<h3 class=\"wp-block-heading pb-2\">\u00d6ffentliche Verkehrsmittel<\/h3>\n\n\n\n<p>Fahren Sie mit Bus oder Zug bis zum G\u00fctersloh Hauptbahnhof. Von dort aus sind es etwa zwei Minuten zu Fu\u00df. Von der Friedrich-Ebert-Stra\u00dfe nehmen Sie den Durchgang zwischen dem Geb\u00e4ude der Volksbank und dem 4ALLPORTAL Geb\u00e4ude. Auf der rechten Seite befindet sich der Eingang. <\/p>\n<\/div>\n\n\n\n<div class=\"wp-block-column is-layout-flow wp-block-column-is-layout-flow\">\n<figure class=\"wp-block-image size-large\"><img loading=\"lazy\" decoding=\"async\" width=\"1024\" height=\"724\" src=\"https:\/\/4allportal.com\/wp-content\/uploads\/anfahrtsskizze-1024x724.jpg\" alt=\"Wir freuen uns auf deinen Besuch\" class=\"wp-image-11410\" srcset=\"https:\/\/4allportal.com\/wp-content\/uploads\/anfahrtsskizze-1024x724.jpg 1024w, https:\/\/4allportal.com\/wp-content\/uploads\/anfahrtsskizze-300x212.jpg 300w, https:\/\/4allportal.com\/wp-content\/uploads\/anfahrtsskizze-150x106.jpg 150w, https:\/\/4allportal.com\/wp-content\/uploads\/anfahrtsskizze-768x543.jpg 768w, https:\/\/4allportal.com\/wp-content\/uploads\/anfahrtsskizze.jpg 1192w\" sizes=\"auto, (max-width: 1024px) 100vw, 1024px\" \/><\/figure>\n<\/div>\n<\/div>\n\n\n\n<p><\/p>\n<\/details>\n\n\n  <\/div>\n<\/section>\n\n\n<div style=\"height:100px\" aria-hidden=\"true\" class=\"wp-block-spacer\"><\/div>\n","protected":false},"excerpt":{"rendered":"","protected":false},"author":3,"featured_media":0,"parent":0,"menu_order":0,"comment_status":"closed","ping_status":"closed","template":"","meta":{"_acf_changed":false,"footnotes":""},"tags":[],"product_categories":[],"customer_stage":[],"class_list":["post-3612","page","type-page","status-publish","hentry"],"acf":[],"_links":{"self":[{"href":"https:\/\/4allportal.com\/de\/wp-json\/wp\/v2\/pages\/3612","targetHints":{"allow":["GET"]}}],"collection":[{"href":"https:\/\/4allportal.com\/de\/wp-json\/wp\/v2\/pages"}],"about":[{"href":"https:\/\/4allportal.com\/de\/wp-json\/wp\/v2\/types\/page"}],"author":[{"embeddable":true,"href":"https:\/\/4allportal.com\/de\/wp-json\/wp\/v2\/users\/3"}],"replies":[{"embeddable":true,"href":"https:\/\/4allportal.com\/de\/wp-json\/wp\/v2\/comments?post=3612"}],"version-history":[{"count":0,"href":"https:\/\/4allportal.com\/de\/wp-json\/wp\/v2\/pages\/3612\/revisions"}],"wp:attachment":[{"href":"https:\/\/4allportal.com\/de\/wp-json\/wp\/v2\/media?parent=3612"}],"wp:term":[{"taxonomy":"post_tag","embeddable":true,"href":"https:\/\/4allportal.com\/de\/wp-json\/wp\/v2\/tags?post=3612"},{"taxonomy":"product_categories","embeddable":true,"href":"https:\/\/4allportal.com\/de\/wp-json\/wp\/v2\/product_categories?post=3612"},{"taxonomy":"customer_stage","embeddable":true,"href":"https:\/\/4allportal.com\/de\/wp-json\/wp\/v2\/customer_stage?post=3612"}],"curies":[{"name":"wp","href":"https:\/\/api.w.org\/{rel}","templated":true}]}}