{"id":36791,"date":"2025-11-18T07:42:12","date_gmt":"2025-11-18T07:42:12","guid":{"rendered":"https:\/\/devfourall.wpengine.com\/?page_id=36791"},"modified":"2025-12-01T15:03:45","modified_gmt":"2025-12-01T15:03:45","slug":"lp-demo-all-b-terminbuchung-nach-autoresponder","status":"publish","type":"page","link":"https:\/\/4allportal.com\/de\/termin","title":{"rendered":"LP: Demo All (B) \u2013 Terminbuchung nach Autoresponder"},"content":{"rendered":"\n<style>\n#main-menu, .footer-navigation {display: none !important;}\n.nav-container {padding: 1.5rem 0;}\nfooter .logo-container {margin-top: 5rem !important;}\nfooter .blur-orange-gradient-60, .preheader, .nav-btns {display: none !important;}\n.nav-container.nav-transparent {top: auto;}\n<\/style>\n\n\n\n<div style=\"height:40px\" aria-hidden=\"true\" class=\"wp-block-spacer\"><\/div>\n\n\n\n<section id=\"content-wrapper-block_e469f140ebd5b079f2d3f0bcb7a3a3d9\" class=\"content-wrapper position-relative\"\n  style=\" padding-inline: ; overflow-x: visible;\">\n  \n<style>\n@media screen and (min-width: 391px) {\n  #content-wrapper-block_e469f140ebd5b079f2d3f0bcb7a3a3d9 {\n    padding-top: 30px;\n    padding-bottom: 30px;\n  }\n}\n\n@media screen and (max-width: 390px) {\n  #content-wrapper-block_e469f140ebd5b079f2d3f0bcb7a3a3d9 {\n    padding-top: 30px;\n    padding-bottom: 30px;\n  }\n}\n<\/style>\n\n  \n  <div class=\"containeru002du002dsmall px-0\">\n    \n        \n\n<section id=\"content-wrapper-block_ac4f4acb5c6091d38d153031b2625e51\" class=\"content-wrapper position-relative\"\n  style=\" padding-inline: ; overflow-x: visible;\">\n  \n<style>\n@media screen and (min-width: 391px) {\n  #content-wrapper-block_ac4f4acb5c6091d38d153031b2625e51 {\n    padding-top: 30px;\n    padding-bottom: 30px;\n  }\n}\n\n@media screen and (max-width: 390px) {\n  #content-wrapper-block_ac4f4acb5c6091d38d153031b2625e51 {\n    padding-top: 30px;\n    padding-bottom: 30px;\n  }\n}\n<\/style>\n\n  \n  <div class=\"container--small px-0\">\n    \n        \n\n<p class=\"has-text-align-center preheadline\">Unser Kurzes Abstimmungsgespr\u00e4ch f\u00fcr eure individuelle Demo<\/p>\n\n\n\n<h1 class=\"wp-block-heading has-text-align-center has-white-color has-text-color\" style=\"text-transform:none\">W\u00e4hle deinen Wunschtermin<\/h1>\n\n\n\n<p class=\"has-text-align-center has-white-color has-text-color\">In einem kurzen Vorgespr\u00e4ch nehmen wir uns die Zeit, eure individuellen Bed\u00fcrfnisse zu verstehen. Anschlie\u00dfend stellen wir euch einen Experten mit Erfahrung in eurer Branche zur Seite. Dieser bespricht mit euch die Anforderungen, plant den Ablauf der Demo und stimmt einen Termin ab. So seht ihr genau die Funktionen, die f\u00fcr euren Use Case relevant sind.<\/p>\n\n\n  <\/div>\n<\/section>\n\n\n<style>\n@media screen and (min-width: 391px) {\n  #calendly-picker-block_da74c20e8d594fb443759e5b4702f81c {\n    padding-top: 30px;\n    padding-bottom: 30px;\n  }\n}\n\n@media screen and (max-width: 390px) {\n  #calendly-picker-block_da74c20e8d594fb443759e5b4702f81c {\n    padding-top: 30px;\n    padding-bottom: 30px;\n  }\n}\n<\/style>\n\n\n<div id=\"36791\" class=\" iframe\">\n                                               <div class=\"calendly-inline-widget funnel-demo-funnel-terminbuchung-b iframe\" data-url=\"https:\/\/calendly.com\/d\/csk7-dvs-q9v\/kurzes-abstimmungs-gesprach-15-min?text_color=333333&#038;primary_color=ff8200&#038;hide_gdpr_banner=1\" style=\"min-width:320px;height:700px;\"><\/div>\n                                    <\/div>\n<script type=\"text\/javascript\" src=\"https:\/\/assets.calendly.com\/assets\/external\/widget.js\" async><\/script>\n\n  <\/div>\n<\/section>\n\n\n<style>\n@media screen and (min-width: 391px) {\n  #customer-logo-bar-block_7eefb9d951e78836613a28b0cb61a9b1 {\n    padding-top: 30px;\n    padding-bottom: 30px;\n  }\n}\n\n@media screen and (max-width: 390px) {\n  #customer-logo-bar-block_7eefb9d951e78836613a28b0cb61a9b1 {\n    padding-top: 30px;\n    padding-bottom: 30px;\n  }\n}\n<\/style>\n\n<section id=\"customer-logo-bar-block_7eefb9d951e78836613a28b0cb61a9b1\" class=\"customer-logo-bar | p-0 m-0\">\n    <div class=\"container container--medium px-1 px-md-0 m-md-auto d-md-grid py-2\">\n    \n            \n\n                    <ul class=\"customer-logo-bar-container row list-unstyled   transparent-logos \">\n                            <li class=\"col img-counter-1\">\n                                            <img decoding=\"async\"   src=\"https:\/\/4allportal.com\/wp-content\/uploads\/warner-bros-logo-white.svg\" alt=\"Warner Bros Discovery\" \/>\n                                    <\/li>\n                            <li class=\"col img-counter-2\">\n                                            <img decoding=\"async\"   src=\"https:\/\/4allportal.com\/wp-content\/uploads\/teekanne-logo-white.svg\" alt=\"\" \/>\n                                    <\/li>\n                            <li class=\"col img-counter-3\">\n                                            <img decoding=\"async\"   src=\"https:\/\/4allportal.com\/wp-content\/uploads\/bofrost-logo-white.svg\" alt=\"\" \/>\n                                    <\/li>\n                            <li class=\"col img-counter-4\">\n                                            <img decoding=\"async\"   src=\"https:\/\/4allportal.com\/wp-content\/uploads\/leonardo-glaskoch-logo.svg\" alt=\"Leonardo Glaskoch\" \/>\n                                    <\/li>\n                            <li class=\"col img-counter-5\">\n                                            <img decoding=\"async\"   src=\"https:\/\/4allportal.com\/wp-content\/uploads\/prosieben-logo-white.svg\" alt=\"\" \/>\n                                    <\/li>\n                            <li class=\"col img-counter-6\">\n                                            <img decoding=\"async\"   src=\"https:\/\/4allportal.com\/wp-content\/uploads\/schindler-logo-white-1.svg\" alt=\"Schindler Logo\" \/>\n                                    <\/li>\n                        <\/ul>\n            <\/div>\n<\/section>\n\n\n<div style=\"height:100px\" aria-hidden=\"true\" class=\"wp-block-spacer\"><\/div>\n","protected":false},"excerpt":{"rendered":"","protected":false},"author":3,"featured_media":0,"parent":0,"menu_order":0,"comment_status":"closed","ping_status":"closed","template":"","meta":{"_acf_changed":false,"footnotes":""},"tags":[],"product_categories":[],"customer_stage":[467],"class_list":["post-36791","page","type-page","status-publish","hentry"],"acf":[],"_links":{"self":[{"href":"https:\/\/4allportal.com\/de\/wp-json\/wp\/v2\/pages\/36791","targetHints":{"allow":["GET"]}}],"collection":[{"href":"https:\/\/4allportal.com\/de\/wp-json\/wp\/v2\/pages"}],"about":[{"href":"https:\/\/4allportal.com\/de\/wp-json\/wp\/v2\/types\/page"}],"author":[{"embeddable":true,"href":"https:\/\/4allportal.com\/de\/wp-json\/wp\/v2\/users\/3"}],"replies":[{"embeddable":true,"href":"https:\/\/4allportal.com\/de\/wp-json\/wp\/v2\/comments?post=36791"}],"version-history":[{"count":0,"href":"https:\/\/4allportal.com\/de\/wp-json\/wp\/v2\/pages\/36791\/revisions"}],"wp:attachment":[{"href":"https:\/\/4allportal.com\/de\/wp-json\/wp\/v2\/media?parent=36791"}],"wp:term":[{"taxonomy":"post_tag","embeddable":true,"href":"https:\/\/4allportal.com\/de\/wp-json\/wp\/v2\/tags?post=36791"},{"taxonomy":"product_categories","embeddable":true,"href":"https:\/\/4allportal.com\/de\/wp-json\/wp\/v2\/product_categories?post=36791"},{"taxonomy":"customer_stage","embeddable":true,"href":"https:\/\/4allportal.com\/de\/wp-json\/wp\/v2\/customer_stage?post=36791"}],"curies":[{"name":"wp","href":"https:\/\/api.w.org\/{rel}","templated":true}]}}