{"id":38396,"date":"2026-02-09T09:55:41","date_gmt":"2026-02-09T09:55:41","guid":{"rendered":"https:\/\/devfourall.wpengine.com\/?page_id=38396"},"modified":"2026-02-09T10:01:33","modified_gmt":"2026-02-09T10:01:33","slug":"sicherheit-bei-4allportal","status":"publish","type":"page","link":"https:\/\/4allportal.com\/de\/sicherheit","title":{"rendered":"Sicherheit bei 4ALLPORTAL"},"content":{"rendered":"\n<section id=\"content-wrapper-block_0245e5abb2cdb7349f5d9093e71f8985\" class=\"content-wrapper position-relative\"\n  style=\" padding-inline: ; overflow-x: visible;\">\n  \n<style>\n@media screen and (min-width: 391px) {\n  #content-wrapper-block_0245e5abb2cdb7349f5d9093e71f8985 {\n    padding-top: 120px;\n    padding-bottom: 120px;\n  }\n}\n\n@media screen and (max-width: 390px) {\n  #content-wrapper-block_0245e5abb2cdb7349f5d9093e71f8985 {\n    padding-top: 80px;\n    padding-bottom: 80px;\n  }\n}\n<\/style>\n\n  \n  <div class=\"container px-0\">\n    \n        \n\n<div class=\"wp-block-columns is-layout-flex wp-container-core-columns-is-layout-9d6595d7 wp-block-columns-is-layout-flex\">\n<div class=\"wp-block-column is-layout-flow wp-block-column-is-layout-flow\" style=\"flex-basis:66.66%\"><h2 class=\"mb-2 wp-block-post-title\">Sicherheit bei 4ALLPORTAL<\/h2>\n\n\n<p class=\"teaser\">Die Sicherheit unserer Software und der Schutz deiner Daten haben f\u00fcr uns oberste Priorit\u00e4t. Wir tun unser Bestes, um Schwachstellen zu vermeiden \u2013 dennoch ist kein System perfekt. Deshalb sind wir f\u00fcr deine Hinweise auf potenzielle Sicherheitsl\u00fccken sehr dankbar.<\/p>\n\n\n\n<div style=\"height:50px\" aria-hidden=\"true\" class=\"wp-block-spacer\"><\/div>\n\n\n\n<h3 class=\"wp-block-heading\">Schwachstellen melden<\/h3>\n\n\n\n<p>Solltest du ein Sicherheitsproblem gefunden haben, melde uns dies bitte direkt per E-Mail an:<\/p>\n\n\n\n<div class=\"wp-block-buttons is-layout-flex wp-block-buttons-is-layout-flex\">\n<div class=\"wp-block-button\"><a class=\"wp-block-button__link wp-element-button\" href=\"mailto:security@4allportal.com\">security@4allportal.com<\/a><\/div>\n<\/div>\n\n\n\n<div style=\"height:20px\" aria-hidden=\"true\" class=\"wp-block-spacer\"><\/div>\n\n\n\n<p>Wir nehmen jede deiner Meldungen ernst, pr\u00fcfen diese umgehend und setzen uns mit dir in Verbindung. Vielen Dank f\u00fcr deine Unterst\u00fctzung dabei, 4ALLPORTAL noch sicherer zu machen.<\/p>\n<\/div>\n\n\n\n<div class=\"wp-block-column is-layout-flow wp-block-column-is-layout-flow\" style=\"flex-basis:33.33%\"><\/div>\n<\/div>\n\n\n  <\/div>\n<\/section>","protected":false},"excerpt":{"rendered":"","protected":false},"author":3,"featured_media":0,"parent":0,"menu_order":0,"comment_status":"closed","ping_status":"closed","template":"","meta":{"_acf_changed":false,"footnotes":""},"tags":[],"product_categories":[],"customer_stage":[],"class_list":["post-38396","page","type-page","status-publish","hentry"],"acf":[],"_links":{"self":[{"href":"https:\/\/4allportal.com\/de\/wp-json\/wp\/v2\/pages\/38396","targetHints":{"allow":["GET"]}}],"collection":[{"href":"https:\/\/4allportal.com\/de\/wp-json\/wp\/v2\/pages"}],"about":[{"href":"https:\/\/4allportal.com\/de\/wp-json\/wp\/v2\/types\/page"}],"author":[{"embeddable":true,"href":"https:\/\/4allportal.com\/de\/wp-json\/wp\/v2\/users\/3"}],"replies":[{"embeddable":true,"href":"https:\/\/4allportal.com\/de\/wp-json\/wp\/v2\/comments?post=38396"}],"version-history":[{"count":0,"href":"https:\/\/4allportal.com\/de\/wp-json\/wp\/v2\/pages\/38396\/revisions"}],"wp:attachment":[{"href":"https:\/\/4allportal.com\/de\/wp-json\/wp\/v2\/media?parent=38396"}],"wp:term":[{"taxonomy":"post_tag","embeddable":true,"href":"https:\/\/4allportal.com\/de\/wp-json\/wp\/v2\/tags?post=38396"},{"taxonomy":"product_categories","embeddable":true,"href":"https:\/\/4allportal.com\/de\/wp-json\/wp\/v2\/product_categories?post=38396"},{"taxonomy":"customer_stage","embeddable":true,"href":"https:\/\/4allportal.com\/de\/wp-json\/wp\/v2\/customer_stage?post=38396"}],"curies":[{"name":"wp","href":"https:\/\/api.w.org\/{rel}","templated":true}]}}